{"id":3917,"date":"2022-07-25T11:52:23","date_gmt":"2022-07-25T09:52:23","guid":{"rendered":"https:\/\/zahrbat.com\/\/?page_id=3917"},"modified":"2025-08-29T11:50:13","modified_gmt":"2025-08-29T09:50:13","slug":"les-creations-au-repertoire","status":"publish","type":"page","link":"https:\/\/zahrbat.com\/en\/les-creations-au-repertoire\/","title":{"rendered":"Creations in the repertoire"},"content":{"rendered":"<div data-elementor-type=\"wp-page\" data-elementor-id=\"3917\" class=\"elementor elementor-3917\">\n\t\t\t\t\t\t\t\t\t<section class=\"elementor-section elementor-top-section elementor-element elementor-element-f123744 elementor-section-full_width elementor-section-height-default elementor-section-height-default\" data-id=\"f123744\" data-element_type=\"section\" data-settings=\"{&quot;background_background&quot;:&quot;classic&quot;}\">\n\t\t\t\t\t\t<div class=\"elementor-container elementor-column-gap-no\">\n\t\t\t\t\t<div class=\"elementor-column elementor-col-100 elementor-top-column elementor-element elementor-element-7595090\" data-id=\"7595090\" data-element_type=\"column\">\n\t\t\t<div class=\"elementor-widget-wrap elementor-element-populated\">\n\t\t\t\t\t\t\t\t<div class=\"elementor-element elementor-element-da9700b elementor-widget elementor-widget-prime-slider-general\" data-id=\"da9700b\" data-element_type=\"widget\" data-widget_type=\"prime-slider-general.default\">\n\t\t\t\t<div class=\"elementor-widget-container\">\n\t\t\t\t\t<div class=\"bdt-prime-slider\">\n\t\t\t<div class=\"bdt-prime-slider-skin-general\">\n\t\t\t\t<div class=\"bdt-position-relative bdt-visible-toggle\" bdt-slideshow=\"{&quot;animation&quot;:&quot;scale&quot;,&quot;ratio&quot;:&quot;12:5&quot;,&quot;min-height&quot;:518,&quot;autoplay&quot;:true,&quot;autoplay-interval&quot;:7000,&quot;pause-on-hover&quot;:false,&quot;draggable&quot;:true,&quot;velocity&quot;:1,&quot;finite&quot;:false}\" data-settings=\"{&quot;id&quot;:&quot;#bdt-da9700b&quot;,&quot;animation_status&quot;:&quot;no&quot;}\" id=\"bdt-da9700b\">\n\t\t\t\t\t<ul class=\"bdt-slideshow-items\">\n\t\t\t\t\t\n\t\t\t<li class=\"bdt-slideshow-item bdt-flex bdt-flex-middle bdt-flex-center elementor-repeater-item-423d2e1\">\n\t\t\t\t\t\t\t\t\t<div class=\"bdt-position-cover bdt-animation-kenburns bdt-animation-reverse bdt-transform-origin-center-left\">\n\t\t\t\t\t\n\t\t\t\t\t\t\t\t\t\t\t\n\t\t<div class=\"bdt-ps-slide-img\" style=\"background-image: url('https:\/\/zahrbat.com\/wp-content\/uploads\/2022\/02\/heroheader-img-1-5.jpg')\"><\/div>\n\n\t\t\t\t\t\t\t\n\t\t\t\t\t\t\t\t\t\t<\/div>\n\t\t\t\t\n\t\t\t\t\t\t\t\t\t<div class=\"bdt-overlay-default bdt-position-cover\"><\/div>\n\t\t\t\t\n\t\t\t\t\t\t<div class=\"bdt-position-z-index bdt-position-large\">\n\t\t\t<div class=\"bdt-prime-slider-wrapper\">\n\t\t\t\t<div class=\"bdt-prime-slider-content\">\n\t\t\t\t\t<div class=\"bdt-prime-slider-desc\">\n\n\t\t\t\t\t\t\n\t\t\t\t\t\t\t\t\t\t\t\t\t<div data-reveal=\"reveal-active\" class=\"bdt-main-title\" data-bdt-slideshow-parallax=\"x: 100,0,-20; opacity: 1,1,0\">\n\t\t\t\t\t\t\t\t<h1 class=\"bdt-title-tag\">\n\t\t\t\t\t\t\t\t\t\t\t\t\t\t\t\t\t\t\tCREATIONS IN THE REPERTOIRE\t\t\t\t\t\t\t\t\t\t\t\t\t\t\t\t\t\t<\/h1>\n\t\t\t\t\t\t\t<\/div>\n\t\t\t\t\t\t\n\t\t\t\t\t\t\n\t\t\t\t\t\t<div data-bdt-slideshow-parallax=\"x: 150,0,-30; opacity: 1,1,0\">\n\t\t\t\t\t\t\t<div class=\"bdt-btn-wrapper\">\n\t\t\t\t\t\t\t\t\n\t\t\t\t\t\t\t\t\t<\/div>\n\t\t\t\t\t\t<\/div>\n\t\t\t\t\t<\/div>\n\n\t\t\t\t\t\n\t\t\t\t<\/div>\n\t\t\t<\/div>\n\t\t<\/div>\n\t\t\t\t\t<\/li>\n\n\t\t\t\n\t\t\t\t\t<\/ul>\n\t\t\t\t\t\n\t\t\t\t\t\t\t\t<div class=\"reveal-muted\">\n\t\t\t\t<a class=\"bdt-position-bottom-right bdt-prime-slider-previous\" href=\"#\" bdt-slidenav-previous bdt-slideshow-item=\"previous\"><\/a>\n\t\t\t\t<a class=\"bdt-position-bottom-right bdt-prime-slider-next\" href=\"#\" bdt-slidenav-next bdt-slideshow-item=\"next\"><\/a>\n\t\t\t<\/div>\n\n\t\t\n\t\t\t\t\t\t\t\n\t\t\n\t\t\t\t\t\t<\/div>\n\t\t\t\t\n\t\t<div class=\"bdt-prime-slider-social-icon reveal-muted\">\n\n\t\t\t\n\t\t\t\n\t\t\t\t<a class=\"bdt-social-animate\" href=\"https:\/\/www.facebook.com\/zahrbat59\/\" target=\"_blank\"  title=\"Facebook\" bdt-tooltip=\"pos: right\">\n\t\t\t\t\t<i aria-hidden=\"true\" class=\"fa-fw fab fa-facebook-f\"><\/i>\t\t\t\t<\/a>\n\t\t\t\n\t\t\t\t<a class=\"bdt-social-animate\" href=\"https:\/\/www.instagram.com\/zahrbat\/\" target=\"_blank\"  title=\"Instagram\" bdt-tooltip=\"pos: right\">\n\t\t\t\t\t<i aria-hidden=\"true\" class=\"fa-fw fab fa-instagram\"><\/i>\t\t\t\t<\/a>\n\t\t\t\n\t\t\t\t<a class=\"bdt-social-animate\" href=\"https:\/\/www.youtube.com\/channel\/UCQuu4ERG1Bq0TJlHMUBLvrQ\" target=\"_blank\"  title=\"Youtube\" bdt-tooltip=\"pos: right\">\n\t\t\t\t\t<i aria-hidden=\"true\" class=\"fa-fw fab fa-youtube\"><\/i>\t\t\t\t<\/a>\n\t\t\t\t\t<\/div>\n\n\t\t\t\t\t\t\t\t\t<\/div>\n\t\t<\/div>\n\t\t\t\t<\/div>\n\t\t\t\t<\/div>\n\t\t\t\t\t<\/div>\n\t\t<\/div>\n\t\t\t\t\t\t\t<\/div>\n\t\t<\/section>\n\t\t\t\t<section class=\"elementor-section elementor-top-section elementor-element elementor-element-dc63f1f elementor-section-full_width elementor-section-height-default elementor-section-height-default\" data-id=\"dc63f1f\" data-element_type=\"section\" data-settings=\"{&quot;background_background&quot;:&quot;classic&quot;}\">\n\t\t\t\t\t\t<div class=\"elementor-container elementor-column-gap-no\">\n\t\t\t\t\t<div class=\"elementor-column elementor-col-100 elementor-top-column elementor-element elementor-element-82dbd1d\" data-id=\"82dbd1d\" data-element_type=\"column\">\n\t\t\t<div class=\"elementor-widget-wrap elementor-element-populated\">\n\t\t\t\t\t\t\t\t<div class=\"elementor-element elementor-element-6400844 elementor-widget elementor-widget-heading\" data-id=\"6400844\" data-element_type=\"widget\" data-widget_type=\"heading.default\">\n\t\t\t\t<div class=\"elementor-widget-container\">\n\t\t\t<style>\/*! elementor - v3.18.0 - 08-12-2023 *\/\n.elementor-heading-title{padding:0;margin:0;line-height:1}.elementor-widget-heading .elementor-heading-title[class*=elementor-size-]>a{color:inherit;font-size:inherit;line-height:inherit}.elementor-widget-heading .elementor-heading-title.elementor-size-small{font-size:15px}.elementor-widget-heading .elementor-heading-title.elementor-size-medium{font-size:19px}.elementor-widget-heading .elementor-heading-title.elementor-size-large{font-size:29px}.elementor-widget-heading .elementor-heading-title.elementor-size-xl{font-size:39px}.elementor-widget-heading .elementor-heading-title.elementor-size-xxl{font-size:59px}<\/style><h2 class=\"elementor-heading-title elementor-size-default\">Creations in the repertoire<\/h2>\t\t<\/div>\n\t\t\t\t<\/div>\n\t\t\t\t<section class=\"elementor-section elementor-inner-section elementor-element elementor-element-9ebc787 elementor-section-boxed elementor-section-height-default elementor-section-height-default\" data-id=\"9ebc787\" data-element_type=\"section\">\n\t\t\t\t\t\t<div class=\"elementor-container elementor-column-gap-default\">\n\t\t\t\t\t<div class=\"elementor-column elementor-col-33 elementor-inner-column elementor-element elementor-element-8a5484e\" data-id=\"8a5484e\" data-element_type=\"column\">\n\t\t\t<div class=\"elementor-widget-wrap elementor-element-populated\">\n\t\t\t\t\t\t\t\t<div class=\"elementor-element elementor-element-2d26987 elementor-position-top elementor-widget elementor-widget-image-box\" data-id=\"2d26987\" data-element_type=\"widget\" data-widget_type=\"image-box.default\">\n\t\t\t\t<div class=\"elementor-widget-container\">\n\t\t\t<style>\/*! elementor - v3.18.0 - 08-12-2023 *\/\n.elementor-widget-image-box .elementor-image-box-content{width:100%}@media (min-width:768px){.elementor-widget-image-box.elementor-position-left .elementor-image-box-wrapper,.elementor-widget-image-box.elementor-position-right .elementor-image-box-wrapper{display:flex}.elementor-widget-image-box.elementor-position-right .elementor-image-box-wrapper{text-align:right;flex-direction:row-reverse}.elementor-widget-image-box.elementor-position-left .elementor-image-box-wrapper{text-align:left;flex-direction:row}.elementor-widget-image-box.elementor-position-top .elementor-image-box-img{margin:auto}.elementor-widget-image-box.elementor-vertical-align-top .elementor-image-box-wrapper{align-items:flex-start}.elementor-widget-image-box.elementor-vertical-align-middle .elementor-image-box-wrapper{align-items:center}.elementor-widget-image-box.elementor-vertical-align-bottom .elementor-image-box-wrapper{align-items:flex-end}}@media (max-width:767px){.elementor-widget-image-box .elementor-image-box-img{margin-left:auto!important;margin-right:auto!important;margin-bottom:15px}}.elementor-widget-image-box .elementor-image-box-img{display:inline-block}.elementor-widget-image-box .elementor-image-box-title a{color:inherit}.elementor-widget-image-box .elementor-image-box-wrapper{text-align:center}.elementor-widget-image-box .elementor-image-box-description{margin:0}<\/style><div class=\"elementor-image-box-wrapper\"><figure class=\"elementor-image-box-img\"><img fetchpriority=\"high\" decoding=\"async\" width=\"768\" height=\"587\" src=\"https:\/\/zahrbat.com\/wp-content\/uploads\/2022\/07\/20160204_criiiic_0231_Fre\u0301de\u0301ric_Iovino-768x587.jpg\" class=\"attachment-medium_large size-medium_large wp-image-3845\" alt=\"\" srcset=\"https:\/\/zahrbat.com\/wp-content\/uploads\/2022\/07\/20160204_criiiic_0231_Fre\u0301de\u0301ric_Iovino-768x587.jpg 768w, https:\/\/zahrbat.com\/wp-content\/uploads\/2022\/07\/20160204_criiiic_0231_Fre\u0301de\u0301ric_Iovino-300x229.jpg 300w, https:\/\/zahrbat.com\/wp-content\/uploads\/2022\/07\/20160204_criiiic_0231_Fre\u0301de\u0301ric_Iovino-2000x1527.jpg 2000w, https:\/\/zahrbat.com\/wp-content\/uploads\/2022\/07\/20160204_criiiic_0231_Fre\u0301de\u0301ric_Iovino-1536x1173.jpg 1536w, https:\/\/zahrbat.com\/wp-content\/uploads\/2022\/07\/20160204_criiiic_0231_Fre\u0301de\u0301ric_Iovino-2048x1564.jpg 2048w, https:\/\/zahrbat.com\/wp-content\/uploads\/2022\/07\/20160204_criiiic_0231_Fre\u0301de\u0301ric_Iovino-16x12.jpg 16w\" sizes=\"(max-width: 768px) 100vw, 768px\" \/><\/figure><div class=\"elementor-image-box-content\"><h5 class=\"elementor-image-box-title\">CRIIIIC !<\/h5><p class=\"elementor-image-box-description\">Create for and by children. To give free rein to the marvellous of everyday life and to give birth to extraordinary stories straight out of the children's imagination.<\/p><\/div><\/div>\t\t<\/div>\n\t\t\t\t<\/div>\n\t\t\t\t<div class=\"elementor-element elementor-element-3f407f3 elementor-align-center elementor-invisible elementor-widget elementor-widget-button\" data-id=\"3f407f3\" data-element_type=\"widget\" data-settings=\"{&quot;_animation&quot;:&quot;fadeInUp&quot;}\" data-widget_type=\"button.default\">\n\t\t\t\t<div class=\"elementor-widget-container\">\n\t\t\t\t\t<div class=\"elementor-button-wrapper\">\n\t\t\t<a class=\"elementor-button elementor-button-link elementor-size-md\" href=\"https:\/\/zahrbat.com\/en\/criiiic\/\">\n\t\t\t\t\t\t<span class=\"elementor-button-content-wrapper\">\n\t\t\t\t\t\t<span class=\"elementor-button-text\">See more<\/span>\n\t\t<\/span>\n\t\t\t\t\t<\/a>\n\t\t<\/div>\n\t\t\t\t<\/div>\n\t\t\t\t<\/div>\n\t\t\t\t\t<\/div>\n\t\t<\/div>\n\t\t\t\t<div class=\"elementor-column elementor-col-33 elementor-inner-column elementor-element elementor-element-662120e\" data-id=\"662120e\" data-element_type=\"column\">\n\t\t\t<div class=\"elementor-widget-wrap elementor-element-populated\">\n\t\t\t\t\t\t\t\t<div class=\"elementor-element elementor-element-978e759 elementor-position-top elementor-widget elementor-widget-image-box\" data-id=\"978e759\" data-element_type=\"widget\" data-widget_type=\"image-box.default\">\n\t\t\t\t<div class=\"elementor-widget-container\">\n\t\t\t<div class=\"elementor-image-box-wrapper\"><figure class=\"elementor-image-box-img\"><img decoding=\"async\" width=\"800\" height=\"531\" src=\"https:\/\/zahrbat.com\/wp-content\/uploads\/2022\/07\/El-Firak6cFre\u0301de\u0301ric-Iovino.jpg\" class=\"attachment-large size-large wp-image-3849\" alt=\"\" srcset=\"https:\/\/zahrbat.com\/wp-content\/uploads\/2022\/07\/El-Firak6cFre\u0301de\u0301ric-Iovino.jpg 1800w, https:\/\/zahrbat.com\/wp-content\/uploads\/2022\/07\/El-Firak6cFre\u0301de\u0301ric-Iovino-300x199.jpg 300w, https:\/\/zahrbat.com\/wp-content\/uploads\/2022\/07\/El-Firak6cFre\u0301de\u0301ric-Iovino-768x510.jpg 768w, https:\/\/zahrbat.com\/wp-content\/uploads\/2022\/07\/El-Firak6cFre\u0301de\u0301ric-Iovino-1536x1020.jpg 1536w, https:\/\/zahrbat.com\/wp-content\/uploads\/2022\/07\/El-Firak6cFre\u0301de\u0301ric-Iovino-18x12.jpg 18w\" sizes=\"(max-width: 800px) 100vw, 800px\" \/><\/figure><div class=\"elementor-image-box-content\"><h5 class=\"elementor-image-box-title\">El Firak<\/h5><p class=\"elementor-image-box-description\">In a refined setting, these words calligraphed by Hassan Massoudy, projected on transparent veils, intimately reach the dancers, on whom weigh the arbitrariness of a separation dictated by politics or society<\/p><\/div><\/div>\t\t<\/div>\n\t\t\t\t<\/div>\n\t\t\t\t<div class=\"elementor-element elementor-element-b2934a8 elementor-align-center elementor-invisible elementor-widget elementor-widget-button\" data-id=\"b2934a8\" data-element_type=\"widget\" data-settings=\"{&quot;_animation&quot;:&quot;fadeInUp&quot;}\" data-widget_type=\"button.default\">\n\t\t\t\t<div class=\"elementor-widget-container\">\n\t\t\t\t\t<div class=\"elementor-button-wrapper\">\n\t\t\t<a class=\"elementor-button elementor-button-link elementor-size-md\" href=\"https:\/\/zahrbat.com\/en\/el-firak\/\">\n\t\t\t\t\t\t<span class=\"elementor-button-content-wrapper\">\n\t\t\t\t\t\t<span class=\"elementor-button-text\">See more<\/span>\n\t\t<\/span>\n\t\t\t\t\t<\/a>\n\t\t<\/div>\n\t\t\t\t<\/div>\n\t\t\t\t<\/div>\n\t\t\t\t\t<\/div>\n\t\t<\/div>\n\t\t\t\t<div class=\"elementor-column elementor-col-33 elementor-inner-column elementor-element elementor-element-95854b6\" data-id=\"95854b6\" data-element_type=\"column\">\n\t\t\t<div class=\"elementor-widget-wrap elementor-element-populated\">\n\t\t\t\t\t\t\t\t<div class=\"elementor-element elementor-element-7d67a8b elementor-position-top elementor-widget elementor-widget-image-box\" data-id=\"7d67a8b\" data-element_type=\"widget\" data-widget_type=\"image-box.default\">\n\t\t\t\t<div class=\"elementor-widget-container\">\n\t\t\t<div class=\"elementor-image-box-wrapper\"><figure class=\"elementor-image-box-img\"><img decoding=\"async\" width=\"768\" height=\"511\" src=\"https:\/\/zahrbat.com\/wp-content\/uploads\/2022\/07\/20121123_hiya_0200-768x511.jpg\" class=\"attachment-medium_large size-medium_large wp-image-3853\" alt=\"\" srcset=\"https:\/\/zahrbat.com\/wp-content\/uploads\/2022\/07\/20121123_hiya_0200-768x511.jpg 768w, https:\/\/zahrbat.com\/wp-content\/uploads\/2022\/07\/20121123_hiya_0200-300x200.jpg 300w, https:\/\/zahrbat.com\/wp-content\/uploads\/2022\/07\/20121123_hiya_0200-2000x1331.jpg 2000w, https:\/\/zahrbat.com\/wp-content\/uploads\/2022\/07\/20121123_hiya_0200-1536x1022.jpg 1536w, https:\/\/zahrbat.com\/wp-content\/uploads\/2022\/07\/20121123_hiya_0200-2048x1363.jpg 2048w, https:\/\/zahrbat.com\/wp-content\/uploads\/2022\/07\/20121123_hiya_0200-18x12.jpg 18w\" sizes=\"(max-width: 768px) 100vw, 768px\" \/><\/figure><div class=\"elementor-image-box-content\"><h5 class=\"elementor-image-box-title\">Hiya (she)<\/h5><p class=\"elementor-image-box-description\">Brahim Bouchelaghem will be inspired by the story of his mother in resonance with his first piece about his father Zahrbat. \"A complex emotional experience that includes several emotions or several states of the dancing body\".<\/p><\/div><\/div>\t\t<\/div>\n\t\t\t\t<\/div>\n\t\t\t\t<div class=\"elementor-element elementor-element-d4ce107 elementor-align-center elementor-invisible elementor-widget elementor-widget-button\" data-id=\"d4ce107\" data-element_type=\"widget\" data-settings=\"{&quot;_animation&quot;:&quot;fadeInUp&quot;}\" data-widget_type=\"button.default\">\n\t\t\t\t<div class=\"elementor-widget-container\">\n\t\t\t\t\t<div class=\"elementor-button-wrapper\">\n\t\t\t<a class=\"elementor-button elementor-button-link elementor-size-md\" href=\"https:\/\/zahrbat.com\/en\/hiya-elle\/\">\n\t\t\t\t\t\t<span class=\"elementor-button-content-wrapper\">\n\t\t\t\t\t\t<span class=\"elementor-button-text\">See more<\/span>\n\t\t<\/span>\n\t\t\t\t\t<\/a>\n\t\t<\/div>\n\t\t\t\t<\/div>\n\t\t\t\t<\/div>\n\t\t\t\t\t<\/div>\n\t\t<\/div>\n\t\t\t\t\t\t\t<\/div>\n\t\t<\/section>\n\t\t\t\t\t<\/div>\n\t\t<\/div>\n\t\t\t\t\t\t\t<\/div>\n\t\t<\/section>\n\t\t\t\t<section class=\"elementor-section elementor-top-section elementor-element elementor-element-fe27bf3 elementor-section-full_width elementor-section-height-default elementor-section-height-default\" data-id=\"fe27bf3\" data-element_type=\"section\" data-settings=\"{&quot;background_background&quot;:&quot;classic&quot;}\">\n\t\t\t\t\t\t<div class=\"elementor-container elementor-column-gap-no\">\n\t\t\t\t\t<div class=\"elementor-column elementor-col-100 elementor-top-column elementor-element elementor-element-f76fb5c\" data-id=\"f76fb5c\" data-element_type=\"column\">\n\t\t\t<div class=\"elementor-widget-wrap elementor-element-populated\">\n\t\t\t\t\t\t\t\t<section class=\"elementor-section elementor-inner-section elementor-element elementor-element-159c67e elementor-section-boxed elementor-section-height-default elementor-section-height-default\" data-id=\"159c67e\" data-element_type=\"section\">\n\t\t\t\t\t\t<div class=\"elementor-container elementor-column-gap-default\">\n\t\t\t\t\t<div class=\"elementor-column elementor-col-33 elementor-inner-column elementor-element elementor-element-5ce7e4b\" data-id=\"5ce7e4b\" data-element_type=\"column\">\n\t\t\t<div class=\"elementor-widget-wrap elementor-element-populated\">\n\t\t\t\t\t\t\t\t<div class=\"elementor-element elementor-element-4596041 elementor-position-top elementor-widget elementor-widget-image-box\" data-id=\"4596041\" data-element_type=\"widget\" data-widget_type=\"image-box.default\">\n\t\t\t\t<div class=\"elementor-widget-container\">\n\t\t\t<div class=\"elementor-image-box-wrapper\"><figure class=\"elementor-image-box-img\"><img loading=\"lazy\" decoding=\"async\" width=\"768\" height=\"677\" src=\"https:\/\/zahrbat.com\/wp-content\/uploads\/2022\/07\/DSC07851-768x677.jpg\" class=\"attachment-medium_large size-medium_large wp-image-3863\" alt=\"\" srcset=\"https:\/\/zahrbat.com\/wp-content\/uploads\/2022\/07\/DSC07851-768x677.jpg 768w, https:\/\/zahrbat.com\/wp-content\/uploads\/2022\/07\/DSC07851-300x265.jpg 300w, https:\/\/zahrbat.com\/wp-content\/uploads\/2022\/07\/DSC07851-14x12.jpg 14w, https:\/\/zahrbat.com\/wp-content\/uploads\/2022\/07\/DSC07851.jpg 907w\" sizes=\"(max-width: 768px) 100vw, 768px\" \/><\/figure><div class=\"elementor-image-box-content\"><h5 class=\"elementor-image-box-title\">Sillons !<\/h5><p class=\"elementor-image-box-description\">\"My wish is to place the notion of space at the heart of my new creation, to confront myself with this abstract and yet so concrete idea for us dancers.\"<\/p><\/div><\/div>\t\t<\/div>\n\t\t\t\t<\/div>\n\t\t\t\t<div class=\"elementor-element elementor-element-2b31d66 elementor-align-center elementor-invisible elementor-widget elementor-widget-button\" data-id=\"2b31d66\" data-element_type=\"widget\" data-settings=\"{&quot;_animation&quot;:&quot;fadeInUp&quot;}\" data-widget_type=\"button.default\">\n\t\t\t\t<div class=\"elementor-widget-container\">\n\t\t\t\t\t<div class=\"elementor-button-wrapper\">\n\t\t\t<a class=\"elementor-button elementor-button-link elementor-size-md\" href=\"https:\/\/zahrbat.com\/en\/sillons\/\">\n\t\t\t\t\t\t<span class=\"elementor-button-content-wrapper\">\n\t\t\t\t\t\t<span class=\"elementor-button-text\">See more<\/span>\n\t\t<\/span>\n\t\t\t\t\t<\/a>\n\t\t<\/div>\n\t\t\t\t<\/div>\n\t\t\t\t<\/div>\n\t\t\t\t\t<\/div>\n\t\t<\/div>\n\t\t\t\t<div class=\"elementor-column elementor-col-33 elementor-inner-column elementor-element elementor-element-d285cf7\" data-id=\"d285cf7\" data-element_type=\"column\">\n\t\t\t<div class=\"elementor-widget-wrap elementor-element-populated\">\n\t\t\t\t\t\t\t\t<div class=\"elementor-element elementor-element-a50cb0b elementor-position-top elementor-widget elementor-widget-image-box\" data-id=\"a50cb0b\" data-element_type=\"widget\" data-widget_type=\"image-box.default\">\n\t\t\t\t<div class=\"elementor-widget-container\">\n\t\t\t<div class=\"elementor-image-box-wrapper\"><figure class=\"elementor-image-box-img\"><img loading=\"lazy\" decoding=\"async\" width=\"800\" height=\"531\" src=\"https:\/\/zahrbat.com\/wp-content\/uploads\/2022\/07\/what_did_you_say_photo_Frederic_Iovino_12-2000x1328.jpg\" class=\"attachment-large size-large wp-image-3867\" alt=\"\" srcset=\"https:\/\/zahrbat.com\/wp-content\/uploads\/2022\/07\/what_did_you_say_photo_Frederic_Iovino_12-2000x1328.jpg 2000w, https:\/\/zahrbat.com\/wp-content\/uploads\/2022\/07\/what_did_you_say_photo_Frederic_Iovino_12-300x199.jpg 300w, https:\/\/zahrbat.com\/wp-content\/uploads\/2022\/07\/what_did_you_say_photo_Frederic_Iovino_12-768x510.jpg 768w, https:\/\/zahrbat.com\/wp-content\/uploads\/2022\/07\/what_did_you_say_photo_Frederic_Iovino_12-1536x1020.jpg 1536w, https:\/\/zahrbat.com\/wp-content\/uploads\/2022\/07\/what_did_you_say_photo_Frederic_Iovino_12-2048x1360.jpg 2048w, https:\/\/zahrbat.com\/wp-content\/uploads\/2022\/07\/what_did_you_say_photo_Frederic_Iovino_12-18x12.jpg 18w\" sizes=\"(max-width: 800px) 100vw, 800px\" \/><\/figure><div class=\"elementor-image-box-content\"><h5 class=\"elementor-image-box-title\">What did you say ?<\/h5><p class=\"elementor-image-box-description\">Carolyn Carlson and Brahim Bouchelaghem, it is above all a beautiful meeting, the meeting of two poets who recognize themselves in their art.\n<\/p><\/div><\/div>\t\t<\/div>\n\t\t\t\t<\/div>\n\t\t\t\t<div class=\"elementor-element elementor-element-7b6f661 elementor-align-center elementor-invisible elementor-widget elementor-widget-button\" data-id=\"7b6f661\" data-element_type=\"widget\" data-settings=\"{&quot;_animation&quot;:&quot;fadeInUp&quot;}\" data-widget_type=\"button.default\">\n\t\t\t\t<div class=\"elementor-widget-container\">\n\t\t\t\t\t<div class=\"elementor-button-wrapper\">\n\t\t\t<a class=\"elementor-button elementor-button-link elementor-size-md\" href=\"https:\/\/zahrbat.com\/en\/what-did-you-say\/\">\n\t\t\t\t\t\t<span class=\"elementor-button-content-wrapper\">\n\t\t\t\t\t\t<span class=\"elementor-button-text\">See more<\/span>\n\t\t<\/span>\n\t\t\t\t\t<\/a>\n\t\t<\/div>\n\t\t\t\t<\/div>\n\t\t\t\t<\/div>\n\t\t\t\t\t<\/div>\n\t\t<\/div>\n\t\t\t\t<div class=\"elementor-column elementor-col-33 elementor-inner-column elementor-element elementor-element-033976b\" data-id=\"033976b\" data-element_type=\"column\">\n\t\t\t<div class=\"elementor-widget-wrap elementor-element-populated\">\n\t\t\t\t\t\t\t\t<div class=\"elementor-element elementor-element-f6e6403 elementor-position-top elementor-widget elementor-widget-image-box\" data-id=\"f6e6403\" data-element_type=\"widget\" data-widget_type=\"image-box.default\">\n\t\t\t\t<div class=\"elementor-widget-container\">\n\t\t\t<div class=\"elementor-image-box-wrapper\"><figure class=\"elementor-image-box-img\"><img loading=\"lazy\" decoding=\"async\" width=\"800\" height=\"534\" src=\"https:\/\/zahrbat.com\/wp-content\/uploads\/2022\/06\/1-ACCUEIL-Usure-Gilles-Aguilar-1-2000x1335.jpg\" class=\"attachment-large size-large wp-image-3697\" alt=\"\" srcset=\"https:\/\/zahrbat.com\/wp-content\/uploads\/2022\/06\/1-ACCUEIL-Usure-Gilles-Aguilar-1-2000x1335.jpg 2000w, https:\/\/zahrbat.com\/wp-content\/uploads\/2022\/06\/1-ACCUEIL-Usure-Gilles-Aguilar-1-300x200.jpg 300w, https:\/\/zahrbat.com\/wp-content\/uploads\/2022\/06\/1-ACCUEIL-Usure-Gilles-Aguilar-1-768x513.jpg 768w, https:\/\/zahrbat.com\/wp-content\/uploads\/2022\/06\/1-ACCUEIL-Usure-Gilles-Aguilar-1-1536x1025.jpg 1536w, https:\/\/zahrbat.com\/wp-content\/uploads\/2022\/06\/1-ACCUEIL-Usure-Gilles-Aguilar-1-2048x1367.jpg 2048w\" sizes=\"(max-width: 800px) 100vw, 800px\" \/><\/figure><div class=\"elementor-image-box-content\"><h5 class=\"elementor-image-box-title\">USURE<\/h5><p class=\"elementor-image-box-description\">Wear and tear seems to be a degrading factor: deterioration due to repeated use evokes fading, crumbling, loss and disappearance.\n<\/p><\/div><\/div>\t\t<\/div>\n\t\t\t\t<\/div>\n\t\t\t\t<div class=\"elementor-element elementor-element-10c499c elementor-align-center elementor-invisible elementor-widget elementor-widget-button\" data-id=\"10c499c\" data-element_type=\"widget\" data-settings=\"{&quot;_animation&quot;:&quot;fadeInUp&quot;}\" data-widget_type=\"button.default\">\n\t\t\t\t<div class=\"elementor-widget-container\">\n\t\t\t\t\t<div class=\"elementor-button-wrapper\">\n\t\t\t<a class=\"elementor-button elementor-button-link elementor-size-md\" href=\"https:\/\/zahrbat.com\/en\/what-did-you-say\/\">\n\t\t\t\t\t\t<span class=\"elementor-button-content-wrapper\">\n\t\t\t\t\t\t<span class=\"elementor-button-text\">See more<\/span>\n\t\t<\/span>\n\t\t\t\t\t<\/a>\n\t\t<\/div>\n\t\t\t\t<\/div>\n\t\t\t\t<\/div>\n\t\t\t\t\t<\/div>\n\t\t<\/div>\n\t\t\t\t\t\t\t<\/div>\n\t\t<\/section>\n\t\t\t\t\t<\/div>\n\t\t<\/div>\n\t\t\t\t\t\t\t<\/div>\n\t\t<\/section>\n\t\t\t\t\t\t\t<\/div>","protected":false},"excerpt":{"rendered":"<p>LES CR\u00c9ATIONS AU R\u00c9PERTOIRE Les cr\u00e9ations au r\u00e9pertoire CRIIIIC ! Cr\u00e9er pour et par les enfants. Laisser libre cours au merveilleux du quotidien et faire na\u00eetre des histoires extraordinaires toutes [&hellip;]<\/p>","protected":false},"author":6,"featured_media":0,"parent":0,"menu_order":0,"comment_status":"closed","ping_status":"closed","template":"","meta":[],"_links":{"self":[{"href":"https:\/\/zahrbat.com\/en\/wp-json\/wp\/v2\/pages\/3917"}],"collection":[{"href":"https:\/\/zahrbat.com\/en\/wp-json\/wp\/v2\/pages"}],"about":[{"href":"https:\/\/zahrbat.com\/en\/wp-json\/wp\/v2\/types\/page"}],"author":[{"embeddable":true,"href":"https:\/\/zahrbat.com\/en\/wp-json\/wp\/v2\/users\/6"}],"replies":[{"embeddable":true,"href":"https:\/\/zahrbat.com\/en\/wp-json\/wp\/v2\/comments?post=3917"}],"version-history":[{"count":13,"href":"https:\/\/zahrbat.com\/en\/wp-json\/wp\/v2\/pages\/3917\/revisions"}],"predecessor-version":[{"id":5686,"href":"https:\/\/zahrbat.com\/en\/wp-json\/wp\/v2\/pages\/3917\/revisions\/5686"}],"wp:attachment":[{"href":"https:\/\/zahrbat.com\/en\/wp-json\/wp\/v2\/media?parent=3917"}],"curies":[{"name":"wp","href":"https:\/\/api.w.org\/{rel}","templated":true}]}}