{"id":3691,"date":"2022-06-30T12:11:17","date_gmt":"2022-06-30T10:11:17","guid":{"rendered":"https:\/\/zahrbat.com\/\/?page_id=3691"},"modified":"2023-12-07T17:39:46","modified_gmt":"2023-12-07T16:39:46","slug":"festival-urbx","status":"publish","type":"page","link":"https:\/\/zahrbat.com\/en\/festival-urbx\/","title":{"rendered":"Festival URBX"},"content":{"rendered":"<div data-elementor-type=\"wp-page\" data-elementor-id=\"3691\" class=\"elementor elementor-3691\">\n\t\t\t\t\t\t\t\t\t<section class=\"elementor-section elementor-top-section elementor-element elementor-element-3e8077c elementor-section-boxed elementor-section-height-default elementor-section-height-default\" data-id=\"3e8077c\" data-element_type=\"section\">\n\t\t\t\t\t\t<div class=\"elementor-container elementor-column-gap-default\">\n\t\t\t\t\t<div class=\"elementor-column elementor-col-100 elementor-top-column elementor-element elementor-element-e2143f9\" data-id=\"e2143f9\" data-element_type=\"column\">\n\t\t\t<div class=\"elementor-widget-wrap elementor-element-populated\">\n\t\t\t\t\t\t\t\t<div class=\"elementor-element elementor-element-1a5c6fd elementor-widget elementor-widget-image\" data-id=\"1a5c6fd\" data-element_type=\"widget\" data-widget_type=\"image.default\">\n\t\t\t\t<div class=\"elementor-widget-container\">\n\t\t\t<style>\/*! elementor - v3.18.0 - 08-12-2023 *\/\n.elementor-widget-image{text-align:center}.elementor-widget-image a{display:inline-block}.elementor-widget-image a img[src$=\".svg\"]{width:48px}.elementor-widget-image img{vertical-align:middle;display:inline-block}<\/style>\t\t\t\t\t\t\t\t\t\t\t\t<img fetchpriority=\"high\" decoding=\"async\" width=\"768\" height=\"576\" src=\"https:\/\/zahrbat.com\/wp-content\/uploads\/2023\/12\/1-768x576.jpg\" class=\"attachment-medium_large size-medium_large wp-image-5068\" alt=\"\" srcset=\"https:\/\/zahrbat.com\/wp-content\/uploads\/2023\/12\/1-768x576.jpg 768w, https:\/\/zahrbat.com\/wp-content\/uploads\/2023\/12\/1-300x225.jpg 300w, https:\/\/zahrbat.com\/wp-content\/uploads\/2023\/12\/1-2000x1500.jpg 2000w, https:\/\/zahrbat.com\/wp-content\/uploads\/2023\/12\/1-1536x1152.jpg 1536w, https:\/\/zahrbat.com\/wp-content\/uploads\/2023\/12\/1-16x12.jpg 16w, https:\/\/zahrbat.com\/wp-content\/uploads\/2023\/12\/1.jpg 2048w\" sizes=\"(max-width: 768px) 100vw, 768px\" \/>\t\t\t\t\t\t\t\t\t\t\t\t\t\t\t<\/div>\n\t\t\t\t<\/div>\n\t\t\t\t\t<\/div>\n\t\t<\/div>\n\t\t\t\t\t\t\t<\/div>\n\t\t<\/section>\n\t\t\t\t<section class=\"elementor-section elementor-top-section elementor-element elementor-element-4aacdcd elementor-section-boxed elementor-section-height-default elementor-section-height-default\" data-id=\"4aacdcd\" data-element_type=\"section\">\n\t\t\t\t\t\t<div class=\"elementor-container elementor-column-gap-default\">\n\t\t\t\t\t<div class=\"elementor-column elementor-col-100 elementor-top-column elementor-element elementor-element-9fa9bfe\" data-id=\"9fa9bfe\" data-element_type=\"column\">\n\t\t\t<div class=\"elementor-widget-wrap elementor-element-populated\">\n\t\t\t\t\t\t\t\t<div class=\"elementor-element elementor-element-cd0f45b elementor-widget__width-initial elementor-widget elementor-widget-text-editor\" data-id=\"cd0f45b\" data-element_type=\"widget\" data-widget_type=\"text-editor.default\">\n\t\t\t\t<div class=\"elementor-widget-container\">\n\t\t\t<style>\/*! elementor - v3.18.0 - 08-12-2023 *\/\n.elementor-widget-text-editor.elementor-drop-cap-view-stacked .elementor-drop-cap{background-color:#69727d;color:#fff}.elementor-widget-text-editor.elementor-drop-cap-view-framed .elementor-drop-cap{color:#69727d;border:3px solid;background-color:transparent}.elementor-widget-text-editor:not(.elementor-drop-cap-view-default) .elementor-drop-cap{margin-top:8px}.elementor-widget-text-editor:not(.elementor-drop-cap-view-default) .elementor-drop-cap-letter{width:1em;height:1em}.elementor-widget-text-editor .elementor-drop-cap{float:left;text-align:center;line-height:1;font-size:50px}.elementor-widget-text-editor .elementor-drop-cap-letter{display:inline-block}<\/style>\t\t\t\t<p class=\"MsoNormal\" style=\"text-align: justify; background-image: initial; background-position: initial; background-size: initial; background-repeat: initial; background-attachment: initial; background-origin: initial; background-clip: initial;\"><span style=\"font-family: 'Arial Narrow','sans-serif'; mso-fareast-font-family: 'Times New Roman'; mso-fareast-language: FR; mso-bidi-language: AR-SA;\">Apr\u00e8s 7 ann\u00e9es de Festival XU (exp\u00e9riences urbaines), le nouveau format voit le jour\u00a0: Le festival URBX qui regroupe 5 disciplines des cultures urbaines\u00a0: <b>Street-art,\u00a0danse, musique, sports urbains<\/b>, et \u00a0<b>mode<\/b>\u2026 <\/span><\/p><p class=\"MsoNormal\" style=\"text-align: justify; background-image: initial; background-position: initial; background-size: initial; background-repeat: initial; background-attachment: initial; background-origin: initial; background-clip: initial;\"><span class=\"styleswordwithsynonyms8m9z7\"><span style=\"font-family: 'Arial Narrow','sans-serif'; letter-spacing: .1pt;\">Depuis<\/span><\/span><span style=\"font-family: 'Arial Narrow','sans-serif'; letter-spacing: .1pt;\"> <span class=\"styleswordwithsynonyms8m9z7\">le<\/span> <span class=\"styleswordwithsynonyms8m9z7\">milieu<\/span> <span class=\"styleswordwithsynonyms8m9z7\">des<\/span> <span class=\"styleswordwithsynonyms8m9z7\">ann\u00e9es<\/span> 1980, Roubaix <span class=\"styleswordwithsynonyms8m9z7\">est<\/span> <span class=\"styleswordwithsynonyms8m9z7\">un<\/span> <span class=\"styleswordwithsynonyms8m9z7\">terrain<\/span> <span class=\"styleswordwithsynonyms8m9z7\">de<\/span> <span class=\"styleswordwithsynonyms8m9z7\">jeu<\/span> <span class=\"styleswordwithsynonyms8m9z7\">pour<\/span> <span class=\"styleswordwithsynonyms8m9z7\">les<\/span> <span class=\"styleswordwithsynonyms8m9z7\">artistes<\/span>, <span class=\"styleswordwithsynonyms8m9z7\">cr\u00e9ateurs<\/span> <span class=\"styleswordwithsynonyms8m9z7\">and<\/span> <span class=\"styleswordwithsynonyms8m9z7\">sportifs<\/span>, <span class=\"styleswordwithsynonyms8m9z7\">pour<\/span> <span class=\"styleswordwithsynonyms8m9z7\">qui<\/span> <span class=\"styleswordwithsynonyms8m9z7\">la<\/span> <span class=\"styleswordwithsynonyms8m9z7\">ville<\/span> <span class=\"styleswordwithsynonyms8m9z7\">est<\/span> <span class=\"styleswordwithsynonyms8m9z7\">un<\/span> <span class=\"styleswordwithsynonyms8m9z7\">vecteur<\/span> d&rsquo;inspiration, <span class=\"styleswordwithsynonyms8m9z7\">de<\/span> <span class=\"styleswordwithsynonyms8m9z7\">pratique<\/span> <span class=\"styleswordwithsynonyms8m9z7\">artistique<\/span>, d&rsquo;innovation <span class=\"styleswordwithsynonyms8m9z7\">and<\/span> d&rsquo;exp\u00e9rim<span class=\"styleswordwithsynonyms8m9z7\">en<\/span>tation en <span class=\"styleswordwithsynonyms8m9z7\">tous<\/span> <span class=\"styleswordwithsynonyms8m9z7\">genres<\/span>. Brahim Bouchelaghem a d\u2019ailleurs commenc\u00e9 la danse hip hop en 1984 avec l\u2019\u00e9mission de Sydney H I P H O P. Ces <span class=\"styleswordwithsynonyms8m9z7\">cultures<\/span>, <span class=\"styleswordwithsynonyms8m9z7\">alternatives<\/span> <span class=\"styleswordwithsynonyms8m9z7\">and<\/span> underground <span class=\"styleswordwithsynonyms8m9z7\">\u00e0<\/span> <span class=\"styleswordwithsynonyms8m9z7\">leur<\/span> <span class=\"styleswordwithsynonyms8m9z7\">origine<\/span>, sont aujourd&rsquo;hui <span class=\"styleswordwithsynonyms8m9z7\">les<\/span> <span class=\"styleswordwithsynonyms8m9z7\">pratiques<\/span> <span class=\"styleswordwithsynonyms8m9z7\">culturelles<\/span> <span class=\"styleswordwithsynonyms8m9z7\">quotidiennes<\/span> <span class=\"styleswordwithsynonyms8m9z7\">des<\/span> <span class=\"styleswordwithsynonyms8m9z7\">jeunes<\/span>, <span class=\"styleswordwithsynonyms8m9z7\">de<\/span> Roubaix <span class=\"styleswordwithsynonyms8m9z7\">and<\/span> au-del\u00e0, <span class=\"styleswordwithsynonyms8m9z7\">and<\/span> elles <span class=\"styleswordwithsynonyms8m9z7\">portent<\/span> <span class=\"styleswordwithsynonyms8m9z7\">la<\/span> <span class=\"styleswordwithsynonyms8m9z7\">vision<\/span> <span class=\"styleswordwithsynonyms8m9z7\">de<\/span> <span class=\"styleswordwithsynonyms8m9z7\">la<\/span> <span class=\"styleswordwithsynonyms8m9z7\">ville<\/span> <span class=\"styleswordwithsynonyms8m9z7\">de<\/span> demain. Avec <span class=\"styleswordwithsynonyms8m9z7\">le<\/span> <span class=\"styleswordwithsynonyms8m9z7\">Festival<\/span> URBX, l&rsquo;Association <span class=\"styleswordwithsynonyms8m9z7\">Cultures<\/span> Urbaines vise <span class=\"styleswordwithsynonyms8m9z7\">\u00e0<\/span> <span class=\"styleswordwithsynonyms8m9z7\">positionner<\/span> Roubaix \u2013 <span class=\"styleswordwithsynonyms8m9z7\">Hauts<\/span> <span class=\"styleswordwithsynonyms8m9z7\">de<\/span> France <span class=\"styleswordwithsynonyms8m9z7\">comme<\/span> une <span class=\"styleswordwithsynonyms8m9z7\">ville<\/span> <span class=\"styleswordwithsynonyms8m9z7\">urbaine<\/span> <span class=\"styleswordwithsynonyms8m9z7\">de<\/span> <span class=\"styleswordwithsynonyms8m9z7\">culture<\/span> <span class=\"styleswordwithsynonyms8m9z7\">en<\/span> France, au <span class=\"styleswordwithsynonyms8m9z7\">centre<\/span> <span class=\"styleswordwithsynonyms8m9z7\">de<\/span> l&rsquo;Europe.<\/span><\/p><p class=\"MsoNormal\" style=\"text-align: justify; background-image: initial; background-position: initial; background-size: initial; background-repeat: initial; background-attachment: initial; background-origin: initial; background-clip: initial;\"><span style=\"font-family: 'Arial Narrow','sans-serif'; letter-spacing: .1pt;\">\u00a0<\/span><\/p><p class=\"MsoNormal\" style=\"text-align: justify; background-image: initial; background-position: initial; background-size: initial; background-repeat: initial; background-attachment: initial; background-origin: initial; background-clip: initial;\"><span style=\"font-family: 'Arial Narrow','sans-serif'; letter-spacing: .1pt;\">Ce nouveau festival est pilot\u00e9 par un comit\u00e9 de direction artistique en regroupant les 5 disciplines, en lien avec l\u2019association des Cultures Urbaines et la Ville de Roubaix. Brahim Bouchelaghem a en charge la danse au c\u00f4t\u00e9 de Sylvain Groud, directeur du Ballet du Nord, CCN de Roubaix.<\/span><\/p><p class=\"MsoNormal\" style=\"text-align: justify; background-image: initial; background-position: initial; background-size: initial; background-repeat: initial; background-attachment: initial; background-origin: initial; background-clip: initial;\"><span style=\"font-family: 'Arial Narrow','sans-serif'; letter-spacing: .1pt;\">\u00a0<\/span><\/p><p class=\"MsoNormal\" style=\"text-align: justify; background-image: initial; background-position: initial; background-size: initial; background-repeat: initial; background-attachment: initial; background-origin: initial; background-clip: initial;\"><span style=\"font-family: 'Arial Narrow','sans-serif'; letter-spacing: .1pt;\">Apr\u00e8s une belle \u00e9dition en 2022 et une deuxi\u00e8me en 2023 (retrouvez le programme sur www.urbx.com), la compagnie Zahrbat pr\u00e9pare l&rsquo;\u00e9dition 2024 avec notamment le BATTLE URBX #2<\/span><\/p><p>\u00a0<\/p><p class=\"MsoNormal\" style=\"text-align: justify; background-image: initial; background-position: initial; background-size: initial; background-repeat: initial; background-attachment: initial; background-origin: initial; background-clip: initial;\"><span style=\"font-family: 'Arial Narrow','sans-serif'; letter-spacing: .1pt;\">\u00a0<\/span><\/p>\t\t\t\t\t\t<\/div>\n\t\t\t\t<\/div>\n\t\t\t\t\t<\/div>\n\t\t<\/div>\n\t\t\t\t\t\t\t<\/div>\n\t\t<\/section>\n\t\t\t\t<section class=\"elementor-section elementor-top-section elementor-element elementor-element-5e5fa0f elementor-section-boxed elementor-section-height-default elementor-section-height-default\" data-id=\"5e5fa0f\" data-element_type=\"section\">\n\t\t\t\t\t\t<div class=\"elementor-container elementor-column-gap-default\">\n\t\t\t\t\t<div class=\"elementor-column elementor-col-33 elementor-top-column elementor-element elementor-element-e1befbb\" data-id=\"e1befbb\" data-element_type=\"column\">\n\t\t\t<div class=\"elementor-widget-wrap elementor-element-populated\">\n\t\t\t\t\t\t\t\t<div class=\"elementor-element elementor-element-17257a6 elementor-widget elementor-widget-image\" data-id=\"17257a6\" data-element_type=\"widget\" data-widget_type=\"image.default\">\n\t\t\t\t<div class=\"elementor-widget-container\">\n\t\t\t\t\t\t\t\t\t\t\t\t\t\t\t<img decoding=\"async\" width=\"800\" height=\"574\" src=\"https:\/\/zahrbat.com\/wp-content\/uploads\/2023\/12\/demo-urbx.png\" class=\"attachment-large size-large wp-image-5078\" alt=\"\" srcset=\"https:\/\/zahrbat.com\/wp-content\/uploads\/2023\/12\/demo-urbx.png 1802w, https:\/\/zahrbat.com\/wp-content\/uploads\/2023\/12\/demo-urbx-300x215.png 300w, https:\/\/zahrbat.com\/wp-content\/uploads\/2023\/12\/demo-urbx-768x551.png 768w, https:\/\/zahrbat.com\/wp-content\/uploads\/2023\/12\/demo-urbx-1536x1101.png 1536w, https:\/\/zahrbat.com\/wp-content\/uploads\/2023\/12\/demo-urbx-18x12.png 18w\" sizes=\"(max-width: 800px) 100vw, 800px\" \/>\t\t\t\t\t\t\t\t\t\t\t\t\t\t\t<\/div>\n\t\t\t\t<\/div>\n\t\t\t\t<div class=\"elementor-element elementor-element-5cbdac0 elementor-widget elementor-widget-image\" data-id=\"5cbdac0\" data-element_type=\"widget\" data-widget_type=\"image.default\">\n\t\t\t\t<div class=\"elementor-widget-container\">\n\t\t\t\t\t\t\t\t\t\t\t\t\t\t\t<img decoding=\"async\" width=\"800\" height=\"570\" src=\"https:\/\/zahrbat.com\/wp-content\/uploads\/2023\/12\/fresque-photo-2000x1426.png\" class=\"attachment-large size-large wp-image-5077\" alt=\"\" srcset=\"https:\/\/zahrbat.com\/wp-content\/uploads\/2023\/12\/fresque-photo-2000x1426.png 2000w, https:\/\/zahrbat.com\/wp-content\/uploads\/2023\/12\/fresque-photo-300x214.png 300w, https:\/\/zahrbat.com\/wp-content\/uploads\/2023\/12\/fresque-photo-768x547.png 768w, https:\/\/zahrbat.com\/wp-content\/uploads\/2023\/12\/fresque-photo-1536x1095.png 1536w, https:\/\/zahrbat.com\/wp-content\/uploads\/2023\/12\/fresque-photo-2048x1460.png 2048w, https:\/\/zahrbat.com\/wp-content\/uploads\/2023\/12\/fresque-photo-18x12.png 18w\" sizes=\"(max-width: 800px) 100vw, 800px\" \/>\t\t\t\t\t\t\t\t\t\t\t\t\t\t\t<\/div>\n\t\t\t\t<\/div>\n\t\t\t\t\t<\/div>\n\t\t<\/div>\n\t\t\t\t<div class=\"elementor-column elementor-col-33 elementor-top-column elementor-element elementor-element-7c6b9a7\" data-id=\"7c6b9a7\" data-element_type=\"column\">\n\t\t\t<div class=\"elementor-widget-wrap elementor-element-populated\">\n\t\t\t\t\t\t\t\t<div class=\"elementor-element elementor-element-a29c83d elementor-widget elementor-widget-image\" data-id=\"a29c83d\" data-element_type=\"widget\" data-widget_type=\"image.default\">\n\t\t\t\t<div class=\"elementor-widget-container\">\n\t\t\t\t\t\t\t\t\t\t\t\t\t\t\t<img loading=\"lazy\" decoding=\"async\" width=\"800\" height=\"490\" src=\"https:\/\/zahrbat.com\/wp-content\/uploads\/2023\/12\/deambulation-photo-2000x1226.png\" class=\"attachment-large size-large wp-image-5082\" alt=\"\" srcset=\"https:\/\/zahrbat.com\/wp-content\/uploads\/2023\/12\/deambulation-photo-2000x1226.png 2000w, https:\/\/zahrbat.com\/wp-content\/uploads\/2023\/12\/deambulation-photo-300x184.png 300w, https:\/\/zahrbat.com\/wp-content\/uploads\/2023\/12\/deambulation-photo-768x471.png 768w, https:\/\/zahrbat.com\/wp-content\/uploads\/2023\/12\/deambulation-photo-1536x942.png 1536w, https:\/\/zahrbat.com\/wp-content\/uploads\/2023\/12\/deambulation-photo-18x12.png 18w, https:\/\/zahrbat.com\/wp-content\/uploads\/2023\/12\/deambulation-photo.png 2034w\" sizes=\"(max-width: 800px) 100vw, 800px\" \/>\t\t\t\t\t\t\t\t\t\t\t\t\t\t\t<\/div>\n\t\t\t\t<\/div>\n\t\t\t\t\t<\/div>\n\t\t<\/div>\n\t\t\t\t<div class=\"elementor-column elementor-col-33 elementor-top-column elementor-element elementor-element-02e59c7\" data-id=\"02e59c7\" data-element_type=\"column\">\n\t\t\t<div class=\"elementor-widget-wrap elementor-element-populated\">\n\t\t\t\t\t\t\t\t<div class=\"elementor-element elementor-element-f4fdb08 elementor-widget elementor-widget-image\" data-id=\"f4fdb08\" data-element_type=\"widget\" data-widget_type=\"image.default\">\n\t\t\t\t<div class=\"elementor-widget-container\">\n\t\t\t\t\t\t\t\t\t\t\t\t\t\t\t<img loading=\"lazy\" decoding=\"async\" width=\"800\" height=\"360\" src=\"https:\/\/zahrbat.com\/wp-content\/uploads\/2023\/12\/8-2000x901.jpg\" class=\"attachment-large size-large wp-image-5083\" alt=\"\" srcset=\"https:\/\/zahrbat.com\/wp-content\/uploads\/2023\/12\/8-2000x901.jpg 2000w, https:\/\/zahrbat.com\/wp-content\/uploads\/2023\/12\/8-300x135.jpg 300w, https:\/\/zahrbat.com\/wp-content\/uploads\/2023\/12\/8-768x346.jpg 768w, https:\/\/zahrbat.com\/wp-content\/uploads\/2023\/12\/8-1536x692.jpg 1536w, https:\/\/zahrbat.com\/wp-content\/uploads\/2023\/12\/8-2048x922.jpg 2048w, https:\/\/zahrbat.com\/wp-content\/uploads\/2023\/12\/8-18x8.jpg 18w\" sizes=\"(max-width: 800px) 100vw, 800px\" \/>\t\t\t\t\t\t\t\t\t\t\t\t\t\t\t<\/div>\n\t\t\t\t<\/div>\n\t\t\t\t\t<\/div>\n\t\t<\/div>\n\t\t\t\t\t\t\t<\/div>\n\t\t<\/section>\n\t\t\t\t\t\t\t<\/div>","protected":false},"excerpt":{"rendered":"<p>Apr\u00e8s 7 ann\u00e9es de Festival XU (exp\u00e9riences urbaines), le nouveau format voit le jour\u00a0: Le festival URBX qui regroupe 5 disciplines des cultures urbaines\u00a0: Street-art,\u00a0danse, musique, sports urbains, et \u00a0mode\u2026 [&hellip;]<\/p>","protected":false},"author":6,"featured_media":0,"parent":0,"menu_order":0,"comment_status":"closed","ping_status":"closed","template":"","meta":[],"_links":{"self":[{"href":"https:\/\/zahrbat.com\/en\/wp-json\/wp\/v2\/pages\/3691"}],"collection":[{"href":"https:\/\/zahrbat.com\/en\/wp-json\/wp\/v2\/pages"}],"about":[{"href":"https:\/\/zahrbat.com\/en\/wp-json\/wp\/v2\/types\/page"}],"author":[{"embeddable":true,"href":"https:\/\/zahrbat.com\/en\/wp-json\/wp\/v2\/users\/6"}],"replies":[{"embeddable":true,"href":"https:\/\/zahrbat.com\/en\/wp-json\/wp\/v2\/comments?post=3691"}],"version-history":[{"count":13,"href":"https:\/\/zahrbat.com\/en\/wp-json\/wp\/v2\/pages\/3691\/revisions"}],"predecessor-version":[{"id":5086,"href":"https:\/\/zahrbat.com\/en\/wp-json\/wp\/v2\/pages\/3691\/revisions\/5086"}],"wp:attachment":[{"href":"https:\/\/zahrbat.com\/en\/wp-json\/wp\/v2\/media?parent=3691"}],"curies":[{"name":"wp","href":"https:\/\/api.w.org\/{rel}","templated":true}]}}