{"id":271,"date":"2022-02-24T12:28:51","date_gmt":"2022-02-24T11:28:51","guid":{"rendered":"https:\/\/zahrbat.com\/\/?page_id=271"},"modified":"2024-02-14T22:52:15","modified_gmt":"2024-02-14T21:52:15","slug":"les-tournees","status":"publish","type":"page","link":"https:\/\/zahrbat.com\/en\/les-tournees\/","title":{"rendered":"Tours"},"content":{"rendered":"<div data-elementor-type=\"wp-page\" data-elementor-id=\"271\" class=\"elementor elementor-271\">\n\t\t\t\t\t\t\t\t\t<section class=\"elementor-section elementor-top-section elementor-element elementor-element-967f816 elementor-section-boxed elementor-section-height-default elementor-section-height-default\" data-id=\"967f816\" data-element_type=\"section\">\n\t\t\t\t\t\t<div class=\"elementor-container elementor-column-gap-default\">\n\t\t\t\t\t<div class=\"elementor-column elementor-col-100 elementor-top-column elementor-element elementor-element-6d11f7d\" data-id=\"6d11f7d\" data-element_type=\"column\">\n\t\t\t<div class=\"elementor-widget-wrap elementor-element-populated\">\n\t\t\t\t\t\t\t\t<div class=\"elementor-element elementor-element-2d6156f elementor-widget elementor-widget-the-events-calendar-addon\" data-id=\"2d6156f\" data-element_type=\"widget\" data-widget_type=\"the-events-calendar-addon.default\">\n\t\t\t\t<div class=\"elementor-widget-container\">\n\t\t\t<!=========Events minimal-list Template 1.6.5=========><script type=\"application\/ld+json\">\r\n[{\"@context\":\"http:\/\/schema.org\",\"@type\":\"Event\",\"name\":\"Les tourn\\u00e9es\",\"description\":\"&lt;p&gt;F\\u00e9v 16 10h00 - 11h30Almataha - BischwillerFind out more F\\u00e9v 16 14h15 - 15h45Almataha - BischwillerFind out more F\\u00e9v 17 17h00 - 18h30Almataha - BischwillerFind out more F\\u00e9v 18 17h00 [&hellip;]&lt;\/p&gt;\\\\n\",\"url\":\"https:\/\/zahrbat.com\/en\/les-tournees\/\",\"eventAttendanceMode\":\"https:\/\/schema.org\/OfflineEventAttendanceMode\",\"eventStatus\":\"https:\/\/schema.org\/EventScheduled\",\"startDate\":\"2026-04-26T03:46:36+02:00\",\"endDate\":\"2026-04-26T03:46:36+02:00\",\"performer\":\"Organization\"}]\r\n<\/script><div id=\"ectbe-wrapper-2d6156f\" class=\"ectbe-wrapper ectbe-minimal-list-wrapper style-1\"><div id=\"event-6046\" class=\"ectbe-inner-wrapper ectbe-simple-event\"><div id=\"ectbe-date\" class=\"ectbe-date-area\">\r\n\t\t\t\t\t\t<span class=\"ectbe-ev-mo\">May<\/span>\r\n\t\t\t\t\t\t<span class=\"ectbe-ev-day\">20<\/span>\r\n\t\t\t\t\t<\/div><div class=\"ectbe-content-box\"><div class=\"ectbe-evt-time\"><i class=\"ectbe-icon-clock\"><\/i>15h00 - 16h30<\/div><div class=\"ectbe-evt-title\"><a class=\"ectbe-evt-url\" href=\"https:\/\/zahrbat.com\/en\/event\/malmus-extraits-presentation-saison-colisee-roubaix\/\">Malmus - extrait pr\u00e9sentation saison Colis\u00e9e Roubaix<\/a><\/div><div class=\"ectbe-evt-more-box\"><a class=\"ectbe-evt-read-more\" href=\"https:\/\/zahrbat.com\/en\/event\/malmus-extraits-presentation-saison-colisee-roubaix\/\">Find out more<\/a><\/div><\/div><\/div><div id=\"event-6049\" class=\"ectbe-inner-wrapper ectbe-simple-event\"><div id=\"ectbe-date\" class=\"ectbe-date-area\">\r\n\t\t\t\t\t\t<span class=\"ectbe-ev-mo\">May<\/span>\r\n\t\t\t\t\t\t<span class=\"ectbe-ev-day\">20<\/span>\r\n\t\t\t\t\t<\/div><div class=\"ectbe-content-box\"><div class=\"ectbe-evt-time\"><i class=\"ectbe-icon-clock\"><\/i>20h00 - 21h30<\/div><div class=\"ectbe-evt-title\"><a class=\"ectbe-evt-url\" href=\"https:\/\/zahrbat.com\/en\/event\/malmus-extrait-presentation-saison-colisee-roubaix\/\">Malmus - extrait pr\u00e9sentation saison Colis\u00e9e Roubaix<\/a><\/div><div class=\"ectbe-evt-more-box\"><a class=\"ectbe-evt-read-more\" href=\"https:\/\/zahrbat.com\/en\/event\/malmus-extrait-presentation-saison-colisee-roubaix\/\">Find out more<\/a><\/div><\/div><\/div><div id=\"event-6041\" class=\"ectbe-inner-wrapper ectbe-simple-event\"><div id=\"ectbe-date\" class=\"ectbe-date-area\">\r\n\t\t\t\t\t\t<span class=\"ectbe-ev-mo\">Jul<\/span>\r\n\t\t\t\t\t\t<span class=\"ectbe-ev-day\">10<\/span>\r\n\t\t\t\t\t<\/div><div class=\"ectbe-content-box\"><div class=\"ectbe-evt-time\"><i class=\"ectbe-icon-clock\"><\/i>15h00 - 16h30<\/div><div class=\"ectbe-evt-title\"><a class=\"ectbe-evt-url\" href=\"https:\/\/zahrbat.com\/en\/event\/malmus-les-hivernales-cdcn-festival-off-avignon\/\">Malmus - Les Hivernales CDCN - Festival off Avignon<\/a><\/div><div class=\"ectbe-evt-more-box\"><a class=\"ectbe-evt-read-more\" href=\"https:\/\/zahrbat.com\/en\/event\/malmus-les-hivernales-cdcn-festival-off-avignon\/\">Find out more<\/a><\/div><\/div><\/div><div id=\"event-6051\" class=\"ectbe-inner-wrapper ectbe-simple-event\"><div id=\"ectbe-date\" class=\"ectbe-date-area\">\r\n\t\t\t\t\t\t<span class=\"ectbe-ev-mo\">Jul<\/span>\r\n\t\t\t\t\t\t<span class=\"ectbe-ev-day\">11<\/span>\r\n\t\t\t\t\t<\/div><div class=\"ectbe-content-box\"><div class=\"ectbe-evt-time\"><i class=\"ectbe-icon-clock\"><\/i>15h00 - 16h30<\/div><div class=\"ectbe-evt-title\"><a class=\"ectbe-evt-url\" href=\"https:\/\/zahrbat.com\/en\/event\/malmus-les-hivernales-cdcn-festival-off-avignon-2\/\">Malmus - Les Hivernales CDCN - Festival off Avignon<\/a><\/div><div class=\"ectbe-evt-more-box\"><a class=\"ectbe-evt-read-more\" href=\"https:\/\/zahrbat.com\/en\/event\/malmus-les-hivernales-cdcn-festival-off-avignon-2\/\">Find out more<\/a><\/div><\/div><\/div><div id=\"event-6053\" class=\"ectbe-inner-wrapper ectbe-simple-event\"><div id=\"ectbe-date\" class=\"ectbe-date-area\">\r\n\t\t\t\t\t\t<span class=\"ectbe-ev-mo\">Jul<\/span>\r\n\t\t\t\t\t\t<span class=\"ectbe-ev-day\">12<\/span>\r\n\t\t\t\t\t<\/div><div class=\"ectbe-content-box\"><div class=\"ectbe-evt-time\"><i class=\"ectbe-icon-clock\"><\/i>15h00 - 16h30<\/div><div class=\"ectbe-evt-title\"><a class=\"ectbe-evt-url\" href=\"https:\/\/zahrbat.com\/en\/event\/malmus-les-hivernales-cdcn-festival-off-avignon-3\/\">Malmus - Les Hivernales CDCN - Festival off Avignon<\/a><\/div><div class=\"ectbe-evt-more-box\"><a class=\"ectbe-evt-read-more\" href=\"https:\/\/zahrbat.com\/en\/event\/malmus-les-hivernales-cdcn-festival-off-avignon-3\/\">Find out more<\/a><\/div><\/div><\/div><div id=\"event-6055\" class=\"ectbe-inner-wrapper ectbe-simple-event\"><div id=\"ectbe-date\" class=\"ectbe-date-area\">\r\n\t\t\t\t\t\t<span class=\"ectbe-ev-mo\">Jul<\/span>\r\n\t\t\t\t\t\t<span class=\"ectbe-ev-day\">13<\/span>\r\n\t\t\t\t\t<\/div><div class=\"ectbe-content-box\"><div class=\"ectbe-evt-time\"><i class=\"ectbe-icon-clock\"><\/i>15h00 - 16h30<\/div><div class=\"ectbe-evt-title\"><a class=\"ectbe-evt-url\" href=\"https:\/\/zahrbat.com\/en\/event\/malmus-les-hivernales-cdcn-festival-off-avignon-4\/\">Malmus - Les Hivernales CDCN - Festival off Avignon<\/a><\/div><div class=\"ectbe-evt-more-box\"><a class=\"ectbe-evt-read-more\" href=\"https:\/\/zahrbat.com\/en\/event\/malmus-les-hivernales-cdcn-festival-off-avignon-4\/\">Find out more<\/a><\/div><\/div><\/div><div id=\"event-6057\" class=\"ectbe-inner-wrapper ectbe-simple-event\"><div id=\"ectbe-date\" class=\"ectbe-date-area\">\r\n\t\t\t\t\t\t<span class=\"ectbe-ev-mo\">Jul<\/span>\r\n\t\t\t\t\t\t<span class=\"ectbe-ev-day\">14<\/span>\r\n\t\t\t\t\t<\/div><div class=\"ectbe-content-box\"><div class=\"ectbe-evt-time\"><i class=\"ectbe-icon-clock\"><\/i>15h00 - 16h30<\/div><div class=\"ectbe-evt-title\"><a class=\"ectbe-evt-url\" href=\"https:\/\/zahrbat.com\/en\/event\/malmus-les-hivernales-cdcn-festival-off-avignon-5\/\">Malmus - Les Hivernales CDCN - Festival off Avignon<\/a><\/div><div class=\"ectbe-evt-more-box\"><a class=\"ectbe-evt-read-more\" href=\"https:\/\/zahrbat.com\/en\/event\/malmus-les-hivernales-cdcn-festival-off-avignon-5\/\">Find out more<\/a><\/div><\/div><\/div><div id=\"event-6059\" class=\"ectbe-inner-wrapper ectbe-simple-event\"><div id=\"ectbe-date\" class=\"ectbe-date-area\">\r\n\t\t\t\t\t\t<span class=\"ectbe-ev-mo\">Jul<\/span>\r\n\t\t\t\t\t\t<span class=\"ectbe-ev-day\">16<\/span>\r\n\t\t\t\t\t<\/div><div class=\"ectbe-content-box\"><div class=\"ectbe-evt-time\"><i class=\"ectbe-icon-clock\"><\/i>15h00 - 16h30<\/div><div class=\"ectbe-evt-title\"><a class=\"ectbe-evt-url\" href=\"https:\/\/zahrbat.com\/en\/event\/malmus-les-hivernales-cdcn-festival-off-avignon-6\/\">Malmus - Les Hivernales CDCN - Festival off Avignon<\/a><\/div><div class=\"ectbe-evt-more-box\"><a class=\"ectbe-evt-read-more\" href=\"https:\/\/zahrbat.com\/en\/event\/malmus-les-hivernales-cdcn-festival-off-avignon-6\/\">Find out more<\/a><\/div><\/div><\/div><div id=\"event-6063\" class=\"ectbe-inner-wrapper ectbe-simple-event\"><div id=\"ectbe-date\" class=\"ectbe-date-area\">\r\n\t\t\t\t\t\t<span class=\"ectbe-ev-mo\">Jul<\/span>\r\n\t\t\t\t\t\t<span class=\"ectbe-ev-day\">17<\/span>\r\n\t\t\t\t\t<\/div><div class=\"ectbe-content-box\"><div class=\"ectbe-evt-time\"><i class=\"ectbe-icon-clock\"><\/i>15h00 - 16h30<\/div><div class=\"ectbe-evt-title\"><a class=\"ectbe-evt-url\" href=\"https:\/\/zahrbat.com\/en\/event\/malmus-les-hivernales-cdcn-festival-off-avignon-8\/\">Malmus - Les Hivernales CDCN - Festival off Avignon<\/a><\/div><div class=\"ectbe-evt-more-box\"><a class=\"ectbe-evt-read-more\" href=\"https:\/\/zahrbat.com\/en\/event\/malmus-les-hivernales-cdcn-festival-off-avignon-8\/\">Find out more<\/a><\/div><\/div><\/div><div id=\"event-6061\" class=\"ectbe-inner-wrapper ectbe-simple-event\"><div id=\"ectbe-date\" class=\"ectbe-date-area\">\r\n\t\t\t\t\t\t<span class=\"ectbe-ev-mo\">Jul<\/span>\r\n\t\t\t\t\t\t<span class=\"ectbe-ev-day\">18<\/span>\r\n\t\t\t\t\t<\/div><div class=\"ectbe-content-box\"><div class=\"ectbe-evt-time\"><i class=\"ectbe-icon-clock\"><\/i>15h00 - 16h30<\/div><div class=\"ectbe-evt-title\"><a class=\"ectbe-evt-url\" href=\"https:\/\/zahrbat.com\/en\/event\/malmus-les-hivernales-cdcn-festival-off-avignon-7\/\">Malmus - Les Hivernales CDCN - Festival off Avignon<\/a><\/div><div class=\"ectbe-evt-more-box\"><a class=\"ectbe-evt-read-more\" href=\"https:\/\/zahrbat.com\/en\/event\/malmus-les-hivernales-cdcn-festival-off-avignon-7\/\">Find out more<\/a><\/div><\/div><\/div><div id=\"event-6067\" class=\"ectbe-inner-wrapper ectbe-simple-event\"><div id=\"ectbe-date\" class=\"ectbe-date-area\">\r\n\t\t\t\t\t\t<span class=\"ectbe-ev-mo\">Jul<\/span>\r\n\t\t\t\t\t\t<span class=\"ectbe-ev-day\">19<\/span>\r\n\t\t\t\t\t<\/div><div class=\"ectbe-content-box\"><div class=\"ectbe-evt-time\"><i class=\"ectbe-icon-clock\"><\/i>15h00 - 16h30<\/div><div class=\"ectbe-evt-title\"><a class=\"ectbe-evt-url\" href=\"https:\/\/zahrbat.com\/en\/event\/malmus-les-hivernales-cdcn-festival-off-avignon-10\/\">Malmus - Les Hivernales CDCN - Festival off Avignon<\/a><\/div><div class=\"ectbe-evt-more-box\"><a class=\"ectbe-evt-read-more\" href=\"https:\/\/zahrbat.com\/en\/event\/malmus-les-hivernales-cdcn-festival-off-avignon-10\/\">Find out more<\/a><\/div><\/div><\/div><div id=\"event-6065\" class=\"ectbe-inner-wrapper ectbe-simple-event\"><div id=\"ectbe-date\" class=\"ectbe-date-area\">\r\n\t\t\t\t\t\t<span class=\"ectbe-ev-mo\">Jul<\/span>\r\n\t\t\t\t\t\t<span class=\"ectbe-ev-day\">20<\/span>\r\n\t\t\t\t\t<\/div><div class=\"ectbe-content-box\"><div class=\"ectbe-evt-time\"><i class=\"ectbe-icon-clock\"><\/i>15h00 - 16h30<\/div><div class=\"ectbe-evt-title\"><a class=\"ectbe-evt-url\" href=\"https:\/\/zahrbat.com\/en\/event\/malmus-les-hivernales-cdcn-festival-off-avignon-9\/\">Malmus - Les Hivernales CDCN - Festival off Avignon<\/a><\/div><div class=\"ectbe-evt-more-box\"><a class=\"ectbe-evt-read-more\" href=\"https:\/\/zahrbat.com\/en\/event\/malmus-les-hivernales-cdcn-festival-off-avignon-9\/\">Find out more<\/a><\/div><\/div><\/div><\/div>\t\t<\/div>\n\t\t\t\t<\/div>\n\t\t\t\t<div class=\"elementor-element elementor-element-60d02b4 elementor-widget__width-inherit elementor-widget elementor-widget-shortcode\" data-id=\"60d02b4\" data-element_type=\"widget\" data-widget_type=\"shortcode.default\">\n\t\t\t\t<div class=\"elementor-widget-container\">\n\t\t\t\t\t<div class=\"elementor-shortcode\"><div id=\"image-map-pro-4023\"><\/div><\/div>\n\t\t\t\t<\/div>\n\t\t\t\t<\/div>\n\t\t\t\t\t<\/div>\n\t\t<\/div>\n\t\t\t\t\t\t\t<\/div>\n\t\t<\/section>\n\t\t\t\t<section class=\"elementor-section elementor-top-section elementor-element elementor-element-9ef64e8 elementor-section-boxed elementor-section-height-default elementor-section-height-default\" data-id=\"9ef64e8\" data-element_type=\"section\">\n\t\t\t\t\t\t<div class=\"elementor-container elementor-column-gap-default\">\n\t\t\t\t\t<div class=\"elementor-column elementor-col-100 elementor-top-column elementor-element elementor-element-60a219c\" data-id=\"60a219c\" data-element_type=\"column\">\n\t\t\t<div class=\"elementor-widget-wrap\">\n\t\t\t\t\t\t\t\t\t<\/div>\n\t\t<\/div>\n\t\t\t\t\t\t\t<\/div>\n\t\t<\/section>\n\t\t\t\t\t\t\t<\/div>","protected":false},"excerpt":{"rendered":"<p>F\u00e9v 16 10h00 &#8211; 11h30Almataha &#8211; BischwillerFind out more F\u00e9v 16 14h15 &#8211; 15h45Almataha &#8211; BischwillerFind out more F\u00e9v 17 17h00 &#8211; 18h30Almataha &#8211; BischwillerFind out more F\u00e9v 18 17h00 [&hellip;]<\/p>","protected":false},"author":6,"featured_media":0,"parent":0,"menu_order":0,"comment_status":"closed","ping_status":"closed","template":"","meta":[],"_links":{"self":[{"href":"https:\/\/zahrbat.com\/en\/wp-json\/wp\/v2\/pages\/271"}],"collection":[{"href":"https:\/\/zahrbat.com\/en\/wp-json\/wp\/v2\/pages"}],"about":[{"href":"https:\/\/zahrbat.com\/en\/wp-json\/wp\/v2\/types\/page"}],"author":[{"embeddable":true,"href":"https:\/\/zahrbat.com\/en\/wp-json\/wp\/v2\/users\/6"}],"replies":[{"embeddable":true,"href":"https:\/\/zahrbat.com\/en\/wp-json\/wp\/v2\/comments?post=271"}],"version-history":[{"count":150,"href":"https:\/\/zahrbat.com\/en\/wp-json\/wp\/v2\/pages\/271\/revisions"}],"predecessor-version":[{"id":5244,"href":"https:\/\/zahrbat.com\/en\/wp-json\/wp\/v2\/pages\/271\/revisions\/5244"}],"wp:attachment":[{"href":"https:\/\/zahrbat.com\/en\/wp-json\/wp\/v2\/media?parent=271"}],"curies":[{"name":"wp","href":"https:\/\/api.w.org\/{rel}","templated":true}]}}