{"id":1842,"date":"2022-05-18T11:06:01","date_gmt":"2022-05-18T09:06:01","guid":{"rendered":"https:\/\/zahrbat.com\/\/?page_id=1842"},"modified":"2022-06-22T17:27:07","modified_gmt":"2022-06-22T15:27:07","slug":"philippe-chambion","status":"publish","type":"page","link":"https:\/\/zahrbat.com\/en\/philippe-chambion\/","title":{"rendered":"Philippe Chambion"},"content":{"rendered":"<div data-elementor-type=\"wp-page\" data-elementor-id=\"1842\" class=\"elementor elementor-1842\">\n\t\t\t\t\t\t\t\t\t<section class=\"elementor-section elementor-top-section elementor-element elementor-element-612e59c6 elementor-section-full_width elementor-section-height-default elementor-section-height-default\" data-id=\"612e59c6\" data-element_type=\"section\" data-settings=\"{&quot;background_background&quot;:&quot;classic&quot;}\">\n\t\t\t\t\t\t<div class=\"elementor-container elementor-column-gap-no\">\n\t\t\t\t\t<div class=\"elementor-column elementor-col-100 elementor-top-column elementor-element elementor-element-359e5887\" data-id=\"359e5887\" data-element_type=\"column\">\n\t\t\t<div class=\"elementor-widget-wrap elementor-element-populated\">\n\t\t\t\t\t\t\t\t<div class=\"elementor-element elementor-element-1780c9b0 elementor-widget elementor-widget-prime-slider-general\" data-id=\"1780c9b0\" data-element_type=\"widget\" data-widget_type=\"prime-slider-general.default\">\n\t\t\t\t<div class=\"elementor-widget-container\">\n\t\t\t\t\t<div class=\"bdt-prime-slider\">\n\t\t\t<div class=\"bdt-prime-slider-skin-general\">\n\t\t\t\t<div class=\"bdt-position-relative bdt-visible-toggle\" bdt-slideshow=\"{&quot;animation&quot;:&quot;scale&quot;,&quot;ratio&quot;:&quot;12:5&quot;,&quot;min-height&quot;:518,&quot;autoplay&quot;:true,&quot;autoplay-interval&quot;:7000,&quot;pause-on-hover&quot;:false,&quot;draggable&quot;:true,&quot;velocity&quot;:1,&quot;finite&quot;:false}\" data-settings=\"{&quot;id&quot;:&quot;#bdt-1780c9b0&quot;,&quot;animation_status&quot;:&quot;no&quot;}\" id=\"bdt-1780c9b0\">\n\t\t\t\t\t<ul class=\"bdt-slideshow-items\">\n\t\t\t\t\t\n\t\t\t<li class=\"bdt-slideshow-item bdt-flex bdt-flex-middle bdt-flex-center elementor-repeater-item-423d2e1\">\n\t\t\t\t\t\t\t\t\t<div class=\"bdt-position-cover bdt-animation-kenburns bdt-animation-reverse bdt-transform-origin-center-left\">\n\t\t\t\t\t\n\t\t\t\t\t\t\t\t\t\t\t\n\t\t<div class=\"bdt-ps-slide-img\" style=\"background-image: url('https:\/\/zahrbat.com\/wp-content\/uploads\/2022\/02\/heroheader-img-1-5.jpg')\"><\/div>\n\n\t\t\t\t\t\t\t\n\t\t\t\t\t\t\t\t\t\t<\/div>\n\t\t\t\t\n\t\t\t\t\t\t\t\t\t<div class=\"bdt-overlay-default bdt-position-cover\"><\/div>\n\t\t\t\t\n\t\t\t\t\t\t<div class=\"bdt-position-z-index bdt-position-large\">\n\t\t\t<div class=\"bdt-prime-slider-wrapper\">\n\t\t\t\t<div class=\"bdt-prime-slider-content\">\n\t\t\t\t\t<div class=\"bdt-prime-slider-desc\">\n\n\t\t\t\t\t\t\n\t\t\t\t\t\t\t\t\t\t\t\t\t<div data-reveal=\"reveal-active\" class=\"bdt-main-title\" data-bdt-slideshow-parallax=\"x: 100,0,-20; opacity: 1,1,0\">\n\t\t\t\t\t\t\t\t<h1 class=\"bdt-title-tag\">\n\t\t\t\t\t\t\t\t\t\t\t\t\t\t\t\t\t\t\tPhilippe Chambion\t\t\t\t\t\t\t\t\t\t\t\t\t\t\t\t\t\t<\/h1>\n\t\t\t\t\t\t\t<\/div>\n\t\t\t\t\t\t\n\t\t\t\t\t\t\n\t\t\t\t\t\t<div data-bdt-slideshow-parallax=\"x: 150,0,-30; opacity: 1,1,0\">\n\t\t\t\t\t\t\t<div class=\"bdt-btn-wrapper\">\n\t\t\t\t\t\t\t\t\n\t\t\t\t\t\t\t\t\t<\/div>\n\t\t\t\t\t\t<\/div>\n\t\t\t\t\t<\/div>\n\n\t\t\t\t\t\n\t\t\t\t<\/div>\n\t\t\t<\/div>\n\t\t<\/div>\n\t\t\t\t\t<\/li>\n\n\t\t\t\n\t\t\t\t\t<\/ul>\n\t\t\t\t\t\n\t\t\t\t\t\t\t\t<div class=\"reveal-muted\">\n\t\t\t\t<a class=\"bdt-position-bottom-right bdt-prime-slider-previous\" href=\"#\" bdt-slidenav-previous bdt-slideshow-item=\"previous\"><\/a>\n\t\t\t\t<a class=\"bdt-position-bottom-right bdt-prime-slider-next\" href=\"#\" bdt-slidenav-next bdt-slideshow-item=\"next\"><\/a>\n\t\t\t<\/div>\n\n\t\t\n\t\t\t\t\t\t\t\n\t\t\n\t\t\t\t\t\t<\/div>\n\t\t\t\t\n\t\t<div class=\"bdt-prime-slider-social-icon reveal-muted\">\n\n\t\t\t\n\t\t\t\n\t\t\t\t<a class=\"bdt-social-animate\" href=\"https:\/\/www.facebook.com\/zahrbat59\/\" target=\"_blank\"  title=\"Facebook\" bdt-tooltip=\"pos: right\">\n\t\t\t\t\t<i aria-hidden=\"true\" class=\"fa-fw fab fa-facebook-f\"><\/i>\t\t\t\t<\/a>\n\t\t\t\n\t\t\t\t<a class=\"bdt-social-animate\" href=\"https:\/\/www.instagram.com\/zahrbat\/\" target=\"_blank\"  title=\"Instagram\" bdt-tooltip=\"pos: right\">\n\t\t\t\t\t<i aria-hidden=\"true\" class=\"fa-fw fab fa-instagram\"><\/i>\t\t\t\t<\/a>\n\t\t\t\n\t\t\t\t<a class=\"bdt-social-animate\" href=\"https:\/\/www.youtube.com\/channel\/UCQuu4ERG1Bq0TJlHMUBLvrQ\" target=\"_blank\"  title=\"Youtube\" bdt-tooltip=\"pos: right\">\n\t\t\t\t\t<i aria-hidden=\"true\" class=\"fa-fw fab fa-youtube\"><\/i>\t\t\t\t<\/a>\n\t\t\t\t\t<\/div>\n\n\t\t\t\t\t\t\t\t\t<\/div>\n\t\t<\/div>\n\t\t\t\t<\/div>\n\t\t\t\t<\/div>\n\t\t\t\t\t<\/div>\n\t\t<\/div>\n\t\t\t\t\t\t\t<\/div>\n\t\t<\/section>\n\t\t\t\t<section class=\"elementor-section elementor-top-section elementor-element elementor-element-219dd50 elementor-reverse-tablet elementor-reverse-mobile elementor-section-boxed elementor-section-height-default elementor-section-height-default\" data-id=\"219dd50\" data-element_type=\"section\" data-settings=\"{&quot;background_background&quot;:&quot;classic&quot;}\">\n\t\t\t\t\t\t<div class=\"elementor-container elementor-column-gap-no\">\n\t\t\t\t\t<div class=\"elementor-column elementor-col-33 elementor-top-column elementor-element elementor-element-90d927b\" data-id=\"90d927b\" data-element_type=\"column\">\n\t\t\t<div class=\"elementor-widget-wrap elementor-element-populated\">\n\t\t\t\t\t\t\t\t<div class=\"elementor-element elementor-element-3c9e8f1 elementor-invisible elementor-widget elementor-widget-image\" data-id=\"3c9e8f1\" data-element_type=\"widget\" data-settings=\"{&quot;_animation&quot;:&quot;fadeInUp&quot;}\" data-widget_type=\"image.default\">\n\t\t\t\t<div class=\"elementor-widget-container\">\n\t\t\t<style>\/*! elementor - v3.18.0 - 08-12-2023 *\/\n.elementor-widget-image{text-align:center}.elementor-widget-image a{display:inline-block}.elementor-widget-image a img[src$=\".svg\"]{width:48px}.elementor-widget-image img{vertical-align:middle;display:inline-block}<\/style>\t\t\t\t\t\t\t\t\t\t\t\t<img fetchpriority=\"high\" decoding=\"async\" width=\"460\" height=\"270\" src=\"https:\/\/zahrbat.com\/wp-content\/uploads\/2022\/06\/Philippe-Chambion.jpeg\" class=\"attachment-large size-large wp-image-2920\" alt=\"\" srcset=\"https:\/\/zahrbat.com\/wp-content\/uploads\/2022\/06\/Philippe-Chambion.jpeg 460w, https:\/\/zahrbat.com\/wp-content\/uploads\/2022\/06\/Philippe-Chambion-300x176.jpeg 300w\" sizes=\"(max-width: 460px) 100vw, 460px\" \/>\t\t\t\t\t\t\t\t\t\t\t\t\t\t\t<\/div>\n\t\t\t\t<\/div>\n\t\t\t\t\t<\/div>\n\t\t<\/div>\n\t\t\t\t<div class=\"elementor-column elementor-col-33 elementor-top-column elementor-element elementor-element-fb57baa\" data-id=\"fb57baa\" data-element_type=\"column\">\n\t\t\t<div class=\"elementor-widget-wrap\">\n\t\t\t\t\t\t\t\t\t<\/div>\n\t\t<\/div>\n\t\t\t\t<div class=\"elementor-column elementor-col-33 elementor-top-column elementor-element elementor-element-26b09bc\" data-id=\"26b09bc\" data-element_type=\"column\">\n\t\t\t<div class=\"elementor-widget-wrap elementor-element-populated\">\n\t\t\t\t\t\t\t\t<div class=\"elementor-element elementor-element-b1e2b0d elementor-invisible elementor-widget elementor-widget-heading\" data-id=\"b1e2b0d\" data-element_type=\"widget\" data-settings=\"{&quot;_animation_delay&quot;:150,&quot;_animation&quot;:&quot;fadeIn&quot;}\" data-widget_type=\"heading.default\">\n\t\t\t\t<div class=\"elementor-widget-container\">\n\t\t\t<style>\/*! elementor - v3.18.0 - 08-12-2023 *\/\n.elementor-heading-title{padding:0;margin:0;line-height:1}.elementor-widget-heading .elementor-heading-title[class*=elementor-size-]>a{color:inherit;font-size:inherit;line-height:inherit}.elementor-widget-heading .elementor-heading-title.elementor-size-small{font-size:15px}.elementor-widget-heading .elementor-heading-title.elementor-size-medium{font-size:19px}.elementor-widget-heading .elementor-heading-title.elementor-size-large{font-size:29px}.elementor-widget-heading .elementor-heading-title.elementor-size-xl{font-size:39px}.elementor-widget-heading .elementor-heading-title.elementor-size-xxl{font-size:59px}<\/style><h6 class=\"elementor-heading-title elementor-size-default\">Stage manager and light designer - 1989<\/h6>\t\t<\/div>\n\t\t\t\t<\/div>\n\t\t\t\t<div class=\"elementor-element elementor-element-08a1490 elementor-widget elementor-widget-heading\" data-id=\"08a1490\" data-element_type=\"widget\" data-widget_type=\"heading.default\">\n\t\t\t\t<div class=\"elementor-widget-container\">\n\t\t\t<h2 class=\"elementor-heading-title elementor-size-default\"><span style=\"font-family: Poppins, sans-serif; font-weight: 600;\">Philippe Chambion<\/span><\/h2>\t\t<\/div>\n\t\t\t\t<\/div>\n\t\t\t\t<div class=\"elementor-element elementor-element-af1d170 elementor-widget elementor-widget-text-editor\" data-id=\"af1d170\" data-element_type=\"widget\" data-widget_type=\"text-editor.default\">\n\t\t\t\t<div class=\"elementor-widget-container\">\n\t\t\t<style>\/*! elementor - v3.18.0 - 08-12-2023 *\/\n.elementor-widget-text-editor.elementor-drop-cap-view-stacked .elementor-drop-cap{background-color:#69727d;color:#fff}.elementor-widget-text-editor.elementor-drop-cap-view-framed .elementor-drop-cap{color:#69727d;border:3px solid;background-color:transparent}.elementor-widget-text-editor:not(.elementor-drop-cap-view-default) .elementor-drop-cap{margin-top:8px}.elementor-widget-text-editor:not(.elementor-drop-cap-view-default) .elementor-drop-cap-letter{width:1em;height:1em}.elementor-widget-text-editor .elementor-drop-cap{float:left;text-align:center;line-height:1;font-size:50px}.elementor-widget-text-editor .elementor-drop-cap-letter{display:inline-block}<\/style>\t\t\t\t<div class=\"dm_layout_center clearfix\"><div class=\"banner default\"><div class=\"dm_layout_center_inner\"><div id=\"dm_content\"><section id=\"dm_area_26\" class=\"dm_area dm_page_content\"><div class=\"dm_zones clearfix\"><div class=\"dm_zone\"><div class=\"dm_widgets\"><div class=\"dm_widget artiste_show\"><div class=\"dm_widget_inner\"><div class=\"left\"><div class=\"infos\"><div class=\"content jspScrollable\" tabindex=\"0\"><div class=\"jspContainer\"><div class=\"jspPane\"><p>In 1989, he discovered optics and the colorimetry of light at GRIMM in Villeurbanne.<\/p><p>1990 - 1998 : He welcomes companies as a light technician in Lyon's theaters. (Th\u00e9\u00e2tre de V\u00e9nissieux, Charlie Chaplin in Vaulx en velin, Albert Camus in Bron, la Renaissance in Oullins, le Polaris in Corbas and Th\u00e9o Argence in Saint-Priest).<\/p><p>In 1995 at the Th\u00e9o Argence Cultural Center in Saint-Priest, he met the Accrorap\/Kader Attou Company. They will work together until 2010 (lighting director then general director).<\/p><p>In 2002, G\u00e9rard Champlon invited him to work with Charlotte Nessi and the Justiniana Lyric Ensemble. Since then, he has taken part every year in the project of opera walks in Franche-Comt\u00e9.<\/p><p>In 2004, Gilles Rondot of the Accrorap Company introduced him to Brahim Bouchelaghem. This is the beginning of their collaboration with the creation of the solo \"Zahrbat\". Since then, he creates the lights for Brahim Bouchelaghem's shows.<\/p><\/div><\/div><\/div><\/div><\/div><\/div><\/div><\/div><\/div><\/div><\/section><\/div><\/div><\/div><\/div>\t\t\t\t\t\t<\/div>\n\t\t\t\t<\/div>\n\t\t\t\t\t<\/div>\n\t\t<\/div>\n\t\t\t\t\t\t\t<\/div>\n\t\t<\/section>\n\t\t\t\t\t\t\t<\/div>","protected":false},"excerpt":{"rendered":"<p>Philippe Chambion R\u00e9gisseur et cr\u00e9ateur lumi\u00e8res &#8211; 1989 Philippe Chambion En 1989, il d\u00e9couvre l\u2019optique et la colorim\u00e9trie de la lumi\u00e8re au GRIMM \u00e0 Villeurbanne. 1990 \u2013 1998 : Il [&hellip;]<\/p>","protected":false},"author":6,"featured_media":0,"parent":0,"menu_order":0,"comment_status":"closed","ping_status":"closed","template":"","meta":[],"_links":{"self":[{"href":"https:\/\/zahrbat.com\/en\/wp-json\/wp\/v2\/pages\/1842"}],"collection":[{"href":"https:\/\/zahrbat.com\/en\/wp-json\/wp\/v2\/pages"}],"about":[{"href":"https:\/\/zahrbat.com\/en\/wp-json\/wp\/v2\/types\/page"}],"author":[{"embeddable":true,"href":"https:\/\/zahrbat.com\/en\/wp-json\/wp\/v2\/users\/6"}],"replies":[{"embeddable":true,"href":"https:\/\/zahrbat.com\/en\/wp-json\/wp\/v2\/comments?post=1842"}],"version-history":[{"count":17,"href":"https:\/\/zahrbat.com\/en\/wp-json\/wp\/v2\/pages\/1842\/revisions"}],"predecessor-version":[{"id":4033,"href":"https:\/\/zahrbat.com\/en\/wp-json\/wp\/v2\/pages\/1842\/revisions\/4033"}],"wp:attachment":[{"href":"https:\/\/zahrbat.com\/en\/wp-json\/wp\/v2\/media?parent=1842"}],"curies":[{"name":"wp","href":"https:\/\/api.w.org\/{rel}","templated":true}]}}