{"id":1836,"date":"2022-05-18T11:01:36","date_gmt":"2022-05-18T09:01:36","guid":{"rendered":"https:\/\/zahrbat.com\/\/?page_id=1836"},"modified":"2024-10-25T16:17:56","modified_gmt":"2024-10-25T14:17:56","slug":"marie-greulich","status":"publish","type":"page","link":"https:\/\/zahrbat.com\/en\/marie-greulich\/","title":{"rendered":"Marie Greulich"},"content":{"rendered":"<div data-elementor-type=\"wp-page\" data-elementor-id=\"1836\" class=\"elementor elementor-1836\">\n\t\t\t\t\t\t\t\t\t<section class=\"elementor-section elementor-top-section elementor-element elementor-element-16754bdb elementor-section-full_width elementor-section-height-default elementor-section-height-default\" data-id=\"16754bdb\" data-element_type=\"section\" data-settings=\"{&quot;background_background&quot;:&quot;classic&quot;}\">\n\t\t\t\t\t\t<div class=\"elementor-container elementor-column-gap-no\">\n\t\t\t\t\t<div class=\"elementor-column elementor-col-100 elementor-top-column elementor-element elementor-element-6aa4649e\" data-id=\"6aa4649e\" data-element_type=\"column\">\n\t\t\t<div class=\"elementor-widget-wrap elementor-element-populated\">\n\t\t\t\t\t\t\t\t<div class=\"elementor-element elementor-element-76d92013 elementor-widget elementor-widget-prime-slider-general\" data-id=\"76d92013\" data-element_type=\"widget\" data-widget_type=\"prime-slider-general.default\">\n\t\t\t\t<div class=\"elementor-widget-container\">\n\t\t\t\t\t<div class=\"bdt-prime-slider\">\n\t\t\t<div class=\"bdt-prime-slider-skin-general\">\n\t\t\t\t<div class=\"bdt-position-relative bdt-visible-toggle\" bdt-slideshow=\"{&quot;animation&quot;:&quot;scale&quot;,&quot;ratio&quot;:&quot;12:5&quot;,&quot;min-height&quot;:518,&quot;autoplay&quot;:true,&quot;autoplay-interval&quot;:7000,&quot;pause-on-hover&quot;:false,&quot;draggable&quot;:true,&quot;velocity&quot;:1,&quot;finite&quot;:false}\" data-settings=\"{&quot;id&quot;:&quot;#bdt-76d92013&quot;,&quot;animation_status&quot;:&quot;no&quot;}\" id=\"bdt-76d92013\">\n\t\t\t\t\t<ul class=\"bdt-slideshow-items\">\n\t\t\t\t\t\n\t\t\t<li class=\"bdt-slideshow-item bdt-flex bdt-flex-middle bdt-flex-center elementor-repeater-item-423d2e1\">\n\t\t\t\t\t\t\t\t\t<div class=\"bdt-position-cover bdt-animation-kenburns bdt-animation-reverse bdt-transform-origin-center-left\">\n\t\t\t\t\t\n\t\t\t\t\t\t\t\t\t\t\t\n\t\t<div class=\"bdt-ps-slide-img\" style=\"background-image: url('https:\/\/zahrbat.com\/wp-content\/uploads\/2022\/02\/heroheader-img-1-5.jpg')\"><\/div>\n\n\t\t\t\t\t\t\t\n\t\t\t\t\t\t\t\t\t\t<\/div>\n\t\t\t\t\n\t\t\t\t\t\t\t\t\t<div class=\"bdt-overlay-default bdt-position-cover\"><\/div>\n\t\t\t\t\n\t\t\t\t\t\t<div class=\"bdt-position-z-index bdt-position-large\">\n\t\t\t<div class=\"bdt-prime-slider-wrapper\">\n\t\t\t\t<div class=\"bdt-prime-slider-content\">\n\t\t\t\t\t<div class=\"bdt-prime-slider-desc\">\n\n\t\t\t\t\t\t\n\t\t\t\t\t\t\t\t\t\t\t\t\t<div data-reveal=\"reveal-active\" class=\"bdt-main-title\" data-bdt-slideshow-parallax=\"x: 100,0,-20; opacity: 1,1,0\">\n\t\t\t\t\t\t\t\t<h1 class=\"bdt-title-tag\">\n\t\t\t\t\t\t\t\t\t\t\t\t\t\t\t\t\t\t\tMarie Greulich\t\t\t\t\t\t\t\t\t\t\t\t\t\t\t\t\t\t<\/h1>\n\t\t\t\t\t\t\t<\/div>\n\t\t\t\t\t\t\n\t\t\t\t\t\t\n\t\t\t\t\t\t<div data-bdt-slideshow-parallax=\"x: 150,0,-30; opacity: 1,1,0\">\n\t\t\t\t\t\t\t<div class=\"bdt-btn-wrapper\">\n\t\t\t\t\t\t\t\t\n\t\t\t\t\t\t\t\t\t<\/div>\n\t\t\t\t\t\t<\/div>\n\t\t\t\t\t<\/div>\n\n\t\t\t\t\t\n\t\t\t\t<\/div>\n\t\t\t<\/div>\n\t\t<\/div>\n\t\t\t\t\t<\/li>\n\n\t\t\t\n\t\t\t\t\t<\/ul>\n\t\t\t\t\t\n\t\t\t\t\t\t\t\t<div class=\"reveal-muted\">\n\t\t\t\t<a class=\"bdt-position-bottom-right bdt-prime-slider-previous\" href=\"#\" bdt-slidenav-previous bdt-slideshow-item=\"previous\"><\/a>\n\t\t\t\t<a class=\"bdt-position-bottom-right bdt-prime-slider-next\" href=\"#\" bdt-slidenav-next bdt-slideshow-item=\"next\"><\/a>\n\t\t\t<\/div>\n\n\t\t\n\t\t\t\t\t\t\t\n\t\t\n\t\t\t\t\t\t<\/div>\n\t\t\t\t\n\t\t<div class=\"bdt-prime-slider-social-icon reveal-muted\">\n\n\t\t\t\n\t\t\t\n\t\t\t\t<a class=\"bdt-social-animate\" href=\"https:\/\/www.facebook.com\/zahrbat59\/\" target=\"_blank\"  title=\"Facebook\" bdt-tooltip=\"pos: right\">\n\t\t\t\t\t<i aria-hidden=\"true\" class=\"fa-fw fab fa-facebook-f\"><\/i>\t\t\t\t<\/a>\n\t\t\t\n\t\t\t\t<a class=\"bdt-social-animate\" href=\"https:\/\/www.instagram.com\/zahrbat\/\" target=\"_blank\"  title=\"Instagram\" bdt-tooltip=\"pos: right\">\n\t\t\t\t\t<i aria-hidden=\"true\" class=\"fa-fw fab fa-instagram\"><\/i>\t\t\t\t<\/a>\n\t\t\t\n\t\t\t\t<a class=\"bdt-social-animate\" href=\"https:\/\/www.youtube.com\/channel\/UCQuu4ERG1Bq0TJlHMUBLvrQ\" target=\"_blank\"  title=\"Youtube\" bdt-tooltip=\"pos: right\">\n\t\t\t\t\t<i aria-hidden=\"true\" class=\"fa-fw fab fa-youtube\"><\/i>\t\t\t\t<\/a>\n\t\t\t\t\t<\/div>\n\n\t\t\t\t\t\t\t\t\t<\/div>\n\t\t<\/div>\n\t\t\t\t<\/div>\n\t\t\t\t<\/div>\n\t\t\t\t\t<\/div>\n\t\t<\/div>\n\t\t\t\t\t\t\t<\/div>\n\t\t<\/section>\n\t\t\t\t<section class=\"elementor-section elementor-top-section elementor-element elementor-element-deef6ff elementor-reverse-tablet elementor-reverse-mobile elementor-section-boxed elementor-section-height-default elementor-section-height-default\" data-id=\"deef6ff\" data-element_type=\"section\" data-settings=\"{&quot;background_background&quot;:&quot;classic&quot;}\">\n\t\t\t\t\t\t<div class=\"elementor-container elementor-column-gap-no\">\n\t\t\t\t\t<div class=\"elementor-column elementor-col-33 elementor-top-column elementor-element elementor-element-34905ed\" data-id=\"34905ed\" data-element_type=\"column\">\n\t\t\t<div class=\"elementor-widget-wrap elementor-element-populated\">\n\t\t\t\t\t\t\t\t<div class=\"elementor-element elementor-element-ca4bfc4 elementor-invisible elementor-widget elementor-widget-image\" data-id=\"ca4bfc4\" data-element_type=\"widget\" data-settings=\"{&quot;_animation&quot;:&quot;fadeInUp&quot;}\" data-widget_type=\"image.default\">\n\t\t\t\t<div class=\"elementor-widget-container\">\n\t\t\t<style>\/*! elementor - v3.18.0 - 08-12-2023 *\/\n.elementor-widget-image{text-align:center}.elementor-widget-image a{display:inline-block}.elementor-widget-image a img[src$=\".svg\"]{width:48px}.elementor-widget-image img{vertical-align:middle;display:inline-block}<\/style>\t\t\t\t\t\t\t\t\t\t\t\t<img fetchpriority=\"high\" decoding=\"async\" width=\"460\" height=\"270\" src=\"https:\/\/zahrbat.com\/wp-content\/uploads\/2022\/06\/Marie-Greulich.jpeg\" class=\"attachment-large size-large wp-image-2919\" alt=\"\" srcset=\"https:\/\/zahrbat.com\/wp-content\/uploads\/2022\/06\/Marie-Greulich.jpeg 460w, https:\/\/zahrbat.com\/wp-content\/uploads\/2022\/06\/Marie-Greulich-300x176.jpeg 300w\" sizes=\"(max-width: 460px) 100vw, 460px\" \/>\t\t\t\t\t\t\t\t\t\t\t\t\t\t\t<\/div>\n\t\t\t\t<\/div>\n\t\t\t\t\t<\/div>\n\t\t<\/div>\n\t\t\t\t<div class=\"elementor-column elementor-col-33 elementor-top-column elementor-element elementor-element-b501f89\" data-id=\"b501f89\" data-element_type=\"column\">\n\t\t\t<div class=\"elementor-widget-wrap\">\n\t\t\t\t\t\t\t\t\t<\/div>\n\t\t<\/div>\n\t\t\t\t<div class=\"elementor-column elementor-col-33 elementor-top-column elementor-element elementor-element-2d1dcea\" data-id=\"2d1dcea\" data-element_type=\"column\">\n\t\t\t<div class=\"elementor-widget-wrap elementor-element-populated\">\n\t\t\t\t\t\t\t\t<div class=\"elementor-element elementor-element-f0371ed elementor-invisible elementor-widget elementor-widget-heading\" data-id=\"f0371ed\" data-element_type=\"widget\" data-settings=\"{&quot;_animation_delay&quot;:150,&quot;_animation&quot;:&quot;fadeIn&quot;}\" data-widget_type=\"heading.default\">\n\t\t\t\t<div class=\"elementor-widget-container\">\n\t\t\t<style>\/*! elementor - v3.18.0 - 08-12-2023 *\/\n.elementor-heading-title{padding:0;margin:0;line-height:1}.elementor-widget-heading .elementor-heading-title[class*=elementor-size-]>a{color:inherit;font-size:inherit;line-height:inherit}.elementor-widget-heading .elementor-heading-title.elementor-size-small{font-size:15px}.elementor-widget-heading .elementor-heading-title.elementor-size-medium{font-size:19px}.elementor-widget-heading .elementor-heading-title.elementor-size-large{font-size:29px}.elementor-widget-heading .elementor-heading-title.elementor-size-xl{font-size:39px}.elementor-widget-heading .elementor-heading-title.elementor-size-xxl{font-size:59px}<\/style><h6 class=\"elementor-heading-title elementor-size-default\">Director - 1987<\/h6>\t\t<\/div>\n\t\t\t\t<\/div>\n\t\t\t\t<div class=\"elementor-element elementor-element-65077b7 elementor-widget elementor-widget-heading\" data-id=\"65077b7\" data-element_type=\"widget\" data-widget_type=\"heading.default\">\n\t\t\t\t<div class=\"elementor-widget-container\">\n\t\t\t<h2 class=\"elementor-heading-title elementor-size-default\"><span style=\"font-family: Poppins, sans-serif; font-weight: 600;\">Marie Greulich<\/span><\/h2>\t\t<\/div>\n\t\t\t\t<\/div>\n\t\t\t\t<div class=\"elementor-element elementor-element-63f5067 elementor-widget elementor-widget-text-editor\" data-id=\"63f5067\" data-element_type=\"widget\" data-widget_type=\"text-editor.default\">\n\t\t\t\t<div class=\"elementor-widget-container\">\n\t\t\t<style>\/*! elementor - v3.18.0 - 08-12-2023 *\/\n.elementor-widget-text-editor.elementor-drop-cap-view-stacked .elementor-drop-cap{background-color:#69727d;color:#fff}.elementor-widget-text-editor.elementor-drop-cap-view-framed .elementor-drop-cap{color:#69727d;border:3px solid;background-color:transparent}.elementor-widget-text-editor:not(.elementor-drop-cap-view-default) .elementor-drop-cap{margin-top:8px}.elementor-widget-text-editor:not(.elementor-drop-cap-view-default) .elementor-drop-cap-letter{width:1em;height:1em}.elementor-widget-text-editor .elementor-drop-cap{float:left;text-align:center;line-height:1;font-size:50px}.elementor-widget-text-editor .elementor-drop-cap-letter{display:inline-block}<\/style>\t\t\t\t<p>N\u00e9e en 1981, elle int\u00e8gre le Conservatoire R\u00e9gional de Lyon en classe \u00e9tude CHAD d\u00e8s l\u2019\u00e2ge de 11 ans. Elle y obtient en danse contemporaine la M\u00e9daille d\u2019or en 1997 (\u00e9quivalence EAT technique) et le premier prix de perfectionnement en 1998 apr\u00e8s avoir travaill\u00e9 avec Jean Claude Carles et Fran\u00e7oise Jouill\u00e9\u00a0; et\u00a0 participe \u00e0 la transmission de la pi\u00e8ce \u00ab\u00a0Ice\u00a0\u00bb de Carolyn Carlson. Parall\u00e8lement, elle rejoint la compagnie Contraste, o\u00f9 elle est interpr\u00e8te pour plusieurs cr\u00e9ations bas\u00e9s sur les contes \u00e0 destination du jeune public. Elle participe aux projets de la Biennale de Lyon en 1998 et 2000 avec Denis Plassard, et suit des \u00e9tudes d\u2019Arts du Spectacle \u00e0 l\u2019Universit\u00e9 Lumi\u00e8re Lyon 2 (Th\u00e9\u00e2tre-Danse-Cin\u00e9ma- Photographie), dominante Arts vivants, DEUG (mention bien)<\/p><p>\u00a0<\/p><p>En 2001, elle rejoint la formation danse \u00e0 l\u2019Universit\u00e9 Paris 8 o\u00f9 elle obtient sa License et sa maitrise (mention bien) avec son m\u00e9moire <em>D\u2019une partition de cin\u00e9tographie Laban \u00e0 une interpr\u00e9tation\u00a0: un processus de reconstruction d\u2019une \u0153uvre \u00e0 partir de la lecture d\u2019un extrait de L\u2019Apocalypse joyeuse de Christian Bourigault.<\/em><\/p><p>En 2004, elle obtient son dipl\u00f4me de notation Laban du Conservatoire National Sup\u00e9rieur de Paris (mention tr\u00e8s bien) avec la reconstruction de l\u2019extrait de la pi\u00e8ce de C. Bourigault \u00e0 la base de son m\u00e9moire de recherche et la notation de la pi\u00e8ce <em>Angst <\/em>de Dore Hoyer \u00e0 partir de la reconstruction de Dominique Brun pour le projet \u00ab\u00a0Sil\u00e9o\u00a0\u00bb (<a href=\"https:\/\/mediatheque.cnsmdp.fr\/opac?expressionId=ecb2e850-95dc-40e4-b74b-b75e1e76e9e1\">lien publication<\/a>).<\/p><p>Elle participe aux cr\u00e9ations de la compagnie Desprairies <a href=\"http:\/\/www.nicolasfrize.com\/fr\/desseins\">(\u00ab\u00a0Desseins\u00a0\u00bb <\/a>\u00a0avec Nicolas Frize, Les Musiques de la Boulang\u00e8re \/ et <a href=\"https:\/\/www.compagniedesprairies.com\/la-danse-en-libre-acces\/\">\u00ab\u00a0La Danse en libre acc\u00e8s\u00a0\u00bb\u00a0<\/a> \u00e0 Beaubourg- Paris) \u00a0et du collectif Lezarco en tant que danseuse interpr\u00e8te.<\/p>\t\t\t\t\t\t<\/div>\n\t\t\t\t<\/div>\n\t\t\t\t\t<\/div>\n\t\t<\/div>\n\t\t\t\t\t\t\t<\/div>\n\t\t<\/section>\n\t\t\t\t<section class=\"elementor-section elementor-top-section elementor-element elementor-element-08eff3c elementor-section-boxed elementor-section-height-default elementor-section-height-default\" data-id=\"08eff3c\" data-element_type=\"section\">\n\t\t\t\t\t\t<div class=\"elementor-container elementor-column-gap-default\">\n\t\t\t\t\t<div class=\"elementor-column elementor-col-100 elementor-top-column elementor-element elementor-element-f3de277\" data-id=\"f3de277\" data-element_type=\"column\">\n\t\t\t<div class=\"elementor-widget-wrap elementor-element-populated\">\n\t\t\t\t\t\t\t\t<div class=\"elementor-element elementor-element-126e691 elementor-widget elementor-widget-text-editor\" data-id=\"126e691\" data-element_type=\"widget\" data-widget_type=\"text-editor.default\">\n\t\t\t\t<div class=\"elementor-widget-container\">\n\t\t\t\t\t\t\t<p>En 2005, elle est dipl\u00f4m\u00e9e de l\u2019universit\u00e9 Aix Marseille 3, IUP AIC, Master 2\u00a0 en Administration des Institutions Culturelles (mention tr\u00e8s bien); elle travaille la m\u00eame ann\u00e9e aupr\u00e8s de Carolyn Carlson \u00e0 l\u2019Atelier de Paris et au Centre Chor\u00e9graphique National Roubaix Nord Pas de Calais; tout en continuant ses projets de danseuse interpr\u00e8te avec le collectif Lezarco, avec L\u00e9na Massiani (danse et architecture).<\/p><p>De septembre 2005 \u00e0 fin 2013, elle est charg\u00e9e de production et de diffusion, puis administratrice de production et diffusion pour Carolyn Carlson au CCN de Roubaix. En plus de ses fonctions, elle donne des ateliers de pratique au sein d\u2019\u00e9coles maternelles et primaires de Roubaix\u00a0; des masterclasses au CCN \u00e0 destination de jeunes danseurs hip hop d\u00e9sireux de d\u00e9couvrir l\u2019univers contemporain. En tourn\u00e9e avec les pi\u00e8ces de Carolyn Carlson, elle l\u2019assiste pour ses masterclasses et \u00e9galement d\u2019event ponctuel, comme le bal chor\u00e9graphique au Th\u00e9\u00e2tre National de Chaillot. Elle est \u00e9galement rempla\u00e7ante sur le projet <em>We were horses <\/em>de Bartabas et Carolyn Carlson.<\/p><p>\u00a0<\/p><p>En 2007, elle se voit confier la compagnie Zahrbat comprenant sa structuration et son d\u00e9veloppement (administration, production, diffusion, communication, coordination artistique\u2026) et cela marque le d\u00e9but de la complicit\u00e9 avec Brahim Bouchelaghem.<\/p><p>De 2008 \u00e0 2010, elle est \u00e9galement charg\u00e9e de cours en notation Laban \u00e0 l\u2019Universit\u00e9 Lille 3 et intervient ponctuellement \u00e0 Sciences Po Lille.<\/p><p>Fin 2013, elle quitte le CCN de Roubaix pour se consacrer aux activit\u00e9s de la compagnie Zahrbat. Elle devient \u00e9galement administratrice de la Carolyn Carlson Company, en r\u00e9sidence au Th\u00e9\u00e2tre National de Chaillot de 2014 \u00e0 2016, assurant la direction administrative et financi\u00e8re de cette derni\u00e8re ainsi qu\u2019une partie de la production et diffusion.<\/p><p>En septembre 2022, apr\u00e8s 17 ans de collaboration avec Carolyn Carlson, elle quitte la CCCy\u00a0; la fin de projet de la compagnie de Carolyn \u00e9tant annonc\u00e9e.<\/p><p>A ce jour, elle m\u00e8ne \u00e0 bien les projets de la compagnie Zahrbat\u00a0 aux c\u00f4t\u00e9s de Brahim Bouchelaghem, et s\u2019est investie dans la cr\u00e9ation et le d\u00e9veloppement du festival URBX depuis 2021.<\/p>\t\t\t\t\t\t<\/div>\n\t\t\t\t<\/div>\n\t\t\t\t\t<\/div>\n\t\t<\/div>\n\t\t\t\t\t\t\t<\/div>\n\t\t<\/section>\n\t\t\t\t\t\t\t<\/div>","protected":false},"excerpt":{"rendered":"<p>Marie Greulich Administratrice &#8211; 1987 Marie Greulich N\u00e9e en 1981, elle int\u00e8gre le Conservatoire R\u00e9gional de Lyon en classe \u00e9tude CHAD d\u00e8s l\u2019\u00e2ge de 11 ans. Elle y obtient en [&hellip;]<\/p>","protected":false},"author":6,"featured_media":0,"parent":0,"menu_order":0,"comment_status":"closed","ping_status":"closed","template":"","meta":[],"_links":{"self":[{"href":"https:\/\/zahrbat.com\/en\/wp-json\/wp\/v2\/pages\/1836"}],"collection":[{"href":"https:\/\/zahrbat.com\/en\/wp-json\/wp\/v2\/pages"}],"about":[{"href":"https:\/\/zahrbat.com\/en\/wp-json\/wp\/v2\/types\/page"}],"author":[{"embeddable":true,"href":"https:\/\/zahrbat.com\/en\/wp-json\/wp\/v2\/users\/6"}],"replies":[{"embeddable":true,"href":"https:\/\/zahrbat.com\/en\/wp-json\/wp\/v2\/comments?post=1836"}],"version-history":[{"count":19,"href":"https:\/\/zahrbat.com\/en\/wp-json\/wp\/v2\/pages\/1836\/revisions"}],"predecessor-version":[{"id":5638,"href":"https:\/\/zahrbat.com\/en\/wp-json\/wp\/v2\/pages\/1836\/revisions\/5638"}],"wp:attachment":[{"href":"https:\/\/zahrbat.com\/en\/wp-json\/wp\/v2\/media?parent=1836"}],"curies":[{"name":"wp","href":"https:\/\/api.w.org\/{rel}","templated":true}]}}