{"id":1588,"date":"2022-05-12T16:44:42","date_gmt":"2022-05-12T14:44:42","guid":{"rendered":"https:\/\/zahrbat.com\/\/?page_id=1588"},"modified":"2023-10-03T15:33:31","modified_gmt":"2023-10-03T13:33:31","slug":"oleksiy-bulgakov","status":"publish","type":"page","link":"https:\/\/zahrbat.com\/en\/oleksiy-bulgakov\/","title":{"rendered":"Oleksiy Bulgakov"},"content":{"rendered":"<div data-elementor-type=\"wp-page\" data-elementor-id=\"1588\" class=\"elementor elementor-1588\">\n\t\t\t\t\t\t\t\t\t<section class=\"elementor-section elementor-top-section elementor-element elementor-element-3100f9ad elementor-section-full_width elementor-section-height-default elementor-section-height-default\" data-id=\"3100f9ad\" data-element_type=\"section\" data-settings=\"{&quot;background_background&quot;:&quot;classic&quot;}\">\n\t\t\t\t\t\t<div class=\"elementor-container elementor-column-gap-no\">\n\t\t\t\t\t<div class=\"elementor-column elementor-col-100 elementor-top-column elementor-element elementor-element-5793e23b\" data-id=\"5793e23b\" data-element_type=\"column\">\n\t\t\t<div class=\"elementor-widget-wrap elementor-element-populated\">\n\t\t\t\t\t\t\t\t<div class=\"elementor-element elementor-element-482b1eca elementor-widget elementor-widget-prime-slider-general\" data-id=\"482b1eca\" data-element_type=\"widget\" data-widget_type=\"prime-slider-general.default\">\n\t\t\t\t<div class=\"elementor-widget-container\">\n\t\t\t\t\t<div class=\"bdt-prime-slider\">\n\t\t\t<div class=\"bdt-prime-slider-skin-general\">\n\t\t\t\t<div class=\"bdt-position-relative bdt-visible-toggle\" bdt-slideshow=\"{&quot;animation&quot;:&quot;scale&quot;,&quot;ratio&quot;:&quot;12:5&quot;,&quot;min-height&quot;:518,&quot;autoplay&quot;:true,&quot;autoplay-interval&quot;:7000,&quot;pause-on-hover&quot;:false,&quot;draggable&quot;:true,&quot;velocity&quot;:1,&quot;finite&quot;:false}\" data-settings=\"{&quot;id&quot;:&quot;#bdt-482b1eca&quot;,&quot;animation_status&quot;:&quot;no&quot;}\" id=\"bdt-482b1eca\">\n\t\t\t\t\t<ul class=\"bdt-slideshow-items\">\n\t\t\t\t\t\n\t\t\t<li class=\"bdt-slideshow-item bdt-flex bdt-flex-middle bdt-flex-center elementor-repeater-item-423d2e1\">\n\t\t\t\t\t\t\t\t\t<div class=\"bdt-position-cover bdt-animation-kenburns bdt-animation-reverse bdt-transform-origin-center-left\">\n\t\t\t\t\t\n\t\t\t\t\t\t\t\t\t\t\t\n\t\t<div class=\"bdt-ps-slide-img\" style=\"background-image: url('https:\/\/zahrbat.com\/wp-content\/uploads\/2022\/02\/heroheader-img-1-5.jpg')\"><\/div>\n\n\t\t\t\t\t\t\t\n\t\t\t\t\t\t\t\t\t\t<\/div>\n\t\t\t\t\n\t\t\t\t\t\t\t\t\t<div class=\"bdt-overlay-default bdt-position-cover\"><\/div>\n\t\t\t\t\n\t\t\t\t\t\t<div class=\"bdt-position-z-index bdt-position-large\">\n\t\t\t<div class=\"bdt-prime-slider-wrapper\">\n\t\t\t\t<div class=\"bdt-prime-slider-content\">\n\t\t\t\t\t<div class=\"bdt-prime-slider-desc\">\n\n\t\t\t\t\t\t\n\t\t\t\t\t\t\t\t\t\t\t\t\t<div data-reveal=\"reveal-active\" class=\"bdt-main-title\" data-bdt-slideshow-parallax=\"x: 100,0,-20; opacity: 1,1,0\">\n\t\t\t\t\t\t\t\t<h1 class=\"bdt-title-tag\">\n\t\t\t\t\t\t\t\t\t\t\t\t\t\t\t\t\t\t\tOleksiy Bulgakov\t\t\t\t\t\t\t\t\t\t\t\t\t\t\t\t\t\t<\/h1>\n\t\t\t\t\t\t\t<\/div>\n\t\t\t\t\t\t\n\t\t\t\t\t\t\n\t\t\t\t\t\t<div data-bdt-slideshow-parallax=\"x: 150,0,-30; opacity: 1,1,0\">\n\t\t\t\t\t\t\t<div class=\"bdt-btn-wrapper\">\n\t\t\t\t\t\t\t\t\n\t\t\t\t\t\t\t\t\t<\/div>\n\t\t\t\t\t\t<\/div>\n\t\t\t\t\t<\/div>\n\n\t\t\t\t\t\n\t\t\t\t<\/div>\n\t\t\t<\/div>\n\t\t<\/div>\n\t\t\t\t\t<\/li>\n\n\t\t\t\n\t\t\t\t\t<\/ul>\n\t\t\t\t\t\n\t\t\t\t\t\t\t\t<div class=\"reveal-muted\">\n\t\t\t\t<a class=\"bdt-position-bottom-right bdt-prime-slider-previous\" href=\"#\" bdt-slidenav-previous bdt-slideshow-item=\"previous\"><\/a>\n\t\t\t\t<a class=\"bdt-position-bottom-right bdt-prime-slider-next\" href=\"#\" bdt-slidenav-next bdt-slideshow-item=\"next\"><\/a>\n\t\t\t<\/div>\n\n\t\t\n\t\t\t\t\t\t\t\n\t\t\n\t\t\t\t\t\t<\/div>\n\t\t\t\t\n\t\t<div class=\"bdt-prime-slider-social-icon reveal-muted\">\n\n\t\t\t\n\t\t\t\n\t\t\t\t<a class=\"bdt-social-animate\" href=\"https:\/\/www.facebook.com\/zahrbat59\/\" target=\"_blank\"  title=\"Facebook\" bdt-tooltip=\"pos: right\">\n\t\t\t\t\t<i aria-hidden=\"true\" class=\"fa-fw fab fa-facebook-f\"><\/i>\t\t\t\t<\/a>\n\t\t\t\n\t\t\t\t<a class=\"bdt-social-animate\" href=\"https:\/\/www.instagram.com\/zahrbat\/\" target=\"_blank\"  title=\"Instagram\" bdt-tooltip=\"pos: right\">\n\t\t\t\t\t<i aria-hidden=\"true\" class=\"fa-fw fab fa-instagram\"><\/i>\t\t\t\t<\/a>\n\t\t\t\n\t\t\t\t<a class=\"bdt-social-animate\" href=\"https:\/\/www.youtube.com\/channel\/UCQuu4ERG1Bq0TJlHMUBLvrQ\" target=\"_blank\"  title=\"Youtube\" bdt-tooltip=\"pos: right\">\n\t\t\t\t\t<i aria-hidden=\"true\" class=\"fa-fw fab fa-youtube\"><\/i>\t\t\t\t<\/a>\n\t\t\t\t\t<\/div>\n\n\t\t\t\t\t\t\t\t\t<\/div>\n\t\t<\/div>\n\t\t\t\t<\/div>\n\t\t\t\t<\/div>\n\t\t\t\t\t<\/div>\n\t\t<\/div>\n\t\t\t\t\t\t\t<\/div>\n\t\t<\/section>\n\t\t\t\t<section class=\"elementor-section elementor-top-section elementor-element elementor-element-3076d15 elementor-reverse-tablet elementor-reverse-mobile elementor-section-boxed elementor-section-height-default elementor-section-height-default\" data-id=\"3076d15\" data-element_type=\"section\" data-settings=\"{&quot;background_background&quot;:&quot;classic&quot;}\">\n\t\t\t\t\t\t<div class=\"elementor-container elementor-column-gap-no\">\n\t\t\t\t\t<div class=\"elementor-column elementor-col-33 elementor-top-column elementor-element elementor-element-f1184f6\" data-id=\"f1184f6\" data-element_type=\"column\">\n\t\t\t<div class=\"elementor-widget-wrap elementor-element-populated\">\n\t\t\t\t\t\t\t\t<div class=\"elementor-element elementor-element-07a47b8 elementor-invisible elementor-widget elementor-widget-image\" data-id=\"07a47b8\" data-element_type=\"widget\" data-settings=\"{&quot;_animation&quot;:&quot;fadeInUp&quot;}\" data-widget_type=\"image.default\">\n\t\t\t\t<div class=\"elementor-widget-container\">\n\t\t\t<style>\/*! elementor - v3.18.0 - 08-12-2023 *\/\n.elementor-widget-image{text-align:center}.elementor-widget-image a{display:inline-block}.elementor-widget-image a img[src$=\".svg\"]{width:48px}.elementor-widget-image img{vertical-align:middle;display:inline-block}<\/style>\t\t\t\t\t\t\t\t\t\t\t\t<img fetchpriority=\"high\" decoding=\"async\" width=\"460\" height=\"270\" src=\"https:\/\/zahrbat.com\/wp-content\/uploads\/2022\/06\/Oleksiy-Bulgakov.jpeg\" class=\"attachment-large size-large wp-image-3136\" alt=\"\" srcset=\"https:\/\/zahrbat.com\/wp-content\/uploads\/2022\/06\/Oleksiy-Bulgakov.jpeg 460w, https:\/\/zahrbat.com\/wp-content\/uploads\/2022\/06\/Oleksiy-Bulgakov-300x176.jpeg 300w\" sizes=\"(max-width: 460px) 100vw, 460px\" \/>\t\t\t\t\t\t\t\t\t\t\t\t\t\t\t<\/div>\n\t\t\t\t<\/div>\n\t\t\t\t\t<\/div>\n\t\t<\/div>\n\t\t\t\t<div class=\"elementor-column elementor-col-33 elementor-top-column elementor-element elementor-element-abf11eb\" data-id=\"abf11eb\" data-element_type=\"column\">\n\t\t\t<div class=\"elementor-widget-wrap\">\n\t\t\t\t\t\t\t\t\t<\/div>\n\t\t<\/div>\n\t\t\t\t<div class=\"elementor-column elementor-col-33 elementor-top-column elementor-element elementor-element-2e88c90\" data-id=\"2e88c90\" data-element_type=\"column\">\n\t\t\t<div class=\"elementor-widget-wrap elementor-element-populated\">\n\t\t\t\t\t\t\t\t<div class=\"elementor-element elementor-element-02cd650 elementor-invisible elementor-widget elementor-widget-heading\" data-id=\"02cd650\" data-element_type=\"widget\" data-settings=\"{&quot;_animation_delay&quot;:150,&quot;_animation&quot;:&quot;fadeIn&quot;}\" data-widget_type=\"heading.default\">\n\t\t\t\t<div class=\"elementor-widget-container\">\n\t\t\t<style>\/*! elementor - v3.18.0 - 08-12-2023 *\/\n.elementor-heading-title{padding:0;margin:0;line-height:1}.elementor-widget-heading .elementor-heading-title[class*=elementor-size-]>a{color:inherit;font-size:inherit;line-height:inherit}.elementor-widget-heading .elementor-heading-title.elementor-size-small{font-size:15px}.elementor-widget-heading .elementor-heading-title.elementor-size-medium{font-size:19px}.elementor-widget-heading .elementor-heading-title.elementor-size-large{font-size:29px}.elementor-widget-heading .elementor-heading-title.elementor-size-xl{font-size:39px}.elementor-widget-heading .elementor-heading-title.elementor-size-xxl{font-size:59px}<\/style><h6 class=\"elementor-heading-title elementor-size-default\">Bboy Robin - 2001<\/h6>\t\t<\/div>\n\t\t\t\t<\/div>\n\t\t\t\t<div class=\"elementor-element elementor-element-659ed69 elementor-widget elementor-widget-heading\" data-id=\"659ed69\" data-element_type=\"widget\" data-widget_type=\"heading.default\">\n\t\t\t\t<div class=\"elementor-widget-container\">\n\t\t\t<h2 class=\"elementor-heading-title elementor-size-default\"><span style=\"font-family: Poppins, sans-serif; font-weight: 600;\">Oleksiy Bulgakov<\/span><\/h2>\t\t<\/div>\n\t\t\t\t<\/div>\n\t\t\t\t<div class=\"elementor-element elementor-element-c9528d5 elementor-widget elementor-widget-text-editor\" data-id=\"c9528d5\" data-element_type=\"widget\" data-widget_type=\"text-editor.default\">\n\t\t\t\t<div class=\"elementor-widget-container\">\n\t\t\t<style>\/*! elementor - v3.18.0 - 08-12-2023 *\/\n.elementor-widget-text-editor.elementor-drop-cap-view-stacked .elementor-drop-cap{background-color:#69727d;color:#fff}.elementor-widget-text-editor.elementor-drop-cap-view-framed .elementor-drop-cap{color:#69727d;border:3px solid;background-color:transparent}.elementor-widget-text-editor:not(.elementor-drop-cap-view-default) .elementor-drop-cap{margin-top:8px}.elementor-widget-text-editor:not(.elementor-drop-cap-view-default) .elementor-drop-cap-letter{width:1em;height:1em}.elementor-widget-text-editor .elementor-drop-cap{float:left;text-align:center;line-height:1;font-size:50px}.elementor-widget-text-editor .elementor-drop-cap-letter{display:inline-block}<\/style>\t\t\t\t<p>Born in 1984 in Kharkov, his first encounter with hip-hop culture took place in 1988. He won his first battle in 2000 with his Ukrainian crew. In 2005 he joined the TOP 9 crew and won the BOTY (Battle of the Year, world championship) in 2008, then was finalist in 2009. He participates in many international battles. In 2010 he takes part in the creation Dava\u00ef Dava\u00ef... by Brahim Bouchelaghem. During 3 seasons he will be on tour to perform this piece in France, Russia, Israel, Italy, Switzerland, Germany and Belgium.<\/p><p>Retrouvez Oleksiy dans <a href=\"https:\/\/zahrbat.com\/en\/motion-peremishchennya\/\">Motion (Peremishchennya)<\/a><\/p>\t\t\t\t\t\t<\/div>\n\t\t\t\t<\/div>\n\t\t\t\t\t<\/div>\n\t\t<\/div>\n\t\t\t\t\t\t\t<\/div>\n\t\t<\/section>\n\t\t\t\t\t\t\t<\/div>","protected":false},"excerpt":{"rendered":"<p>Oleksiy Bulgakov Bboy Robin &#8211; 2001 Oleksiy Bulgakov N\u00e9 en 1984 \u00e0 Kharkov, sa premi\u00e8re rencontre avec la culture hip-Hop a eu lieu en 1988. Il gagne sa premi\u00e8re battle [&hellip;]<\/p>","protected":false},"author":6,"featured_media":0,"parent":0,"menu_order":0,"comment_status":"closed","ping_status":"closed","template":"","meta":[],"_links":{"self":[{"href":"https:\/\/zahrbat.com\/en\/wp-json\/wp\/v2\/pages\/1588"}],"collection":[{"href":"https:\/\/zahrbat.com\/en\/wp-json\/wp\/v2\/pages"}],"about":[{"href":"https:\/\/zahrbat.com\/en\/wp-json\/wp\/v2\/types\/page"}],"author":[{"embeddable":true,"href":"https:\/\/zahrbat.com\/en\/wp-json\/wp\/v2\/users\/6"}],"replies":[{"embeddable":true,"href":"https:\/\/zahrbat.com\/en\/wp-json\/wp\/v2\/comments?post=1588"}],"version-history":[{"count":19,"href":"https:\/\/zahrbat.com\/en\/wp-json\/wp\/v2\/pages\/1588\/revisions"}],"predecessor-version":[{"id":4810,"href":"https:\/\/zahrbat.com\/en\/wp-json\/wp\/v2\/pages\/1588\/revisions\/4810"}],"wp:attachment":[{"href":"https:\/\/zahrbat.com\/en\/wp-json\/wp\/v2\/media?parent=1588"}],"curies":[{"name":"wp","href":"https:\/\/api.w.org\/{rel}","templated":true}]}}