{"id":1451,"date":"2022-05-12T14:26:46","date_gmt":"2022-05-12T12:26:46","guid":{"rendered":"https:\/\/zahrbat.com\/\/?page_id=1451"},"modified":"2023-10-03T14:58:22","modified_gmt":"2023-10-03T12:58:22","slug":"emmy-herault","status":"publish","type":"page","link":"https:\/\/zahrbat.com\/en\/emmy-herault\/","title":{"rendered":"Emmy Herault"},"content":{"rendered":"<div data-elementor-type=\"wp-page\" data-elementor-id=\"1451\" class=\"elementor elementor-1451\">\n\t\t\t\t\t\t\t\t\t<section class=\"elementor-section elementor-top-section elementor-element elementor-element-67ea5518 elementor-section-full_width elementor-section-height-default elementor-section-height-default\" data-id=\"67ea5518\" data-element_type=\"section\" data-settings=\"{&quot;background_background&quot;:&quot;classic&quot;}\">\n\t\t\t\t\t\t<div class=\"elementor-container elementor-column-gap-no\">\n\t\t\t\t\t<div class=\"elementor-column elementor-col-100 elementor-top-column elementor-element elementor-element-20104b46\" data-id=\"20104b46\" data-element_type=\"column\">\n\t\t\t<div class=\"elementor-widget-wrap elementor-element-populated\">\n\t\t\t\t\t\t\t\t<div class=\"elementor-element elementor-element-1a98e832 elementor-widget elementor-widget-prime-slider-general\" data-id=\"1a98e832\" data-element_type=\"widget\" data-widget_type=\"prime-slider-general.default\">\n\t\t\t\t<div class=\"elementor-widget-container\">\n\t\t\t\t\t<div class=\"bdt-prime-slider\">\n\t\t\t<div class=\"bdt-prime-slider-skin-general\">\n\t\t\t\t<div class=\"bdt-position-relative bdt-visible-toggle\" bdt-slideshow=\"{&quot;animation&quot;:&quot;scale&quot;,&quot;ratio&quot;:&quot;12:5&quot;,&quot;min-height&quot;:518,&quot;autoplay&quot;:true,&quot;autoplay-interval&quot;:7000,&quot;pause-on-hover&quot;:false,&quot;draggable&quot;:true,&quot;velocity&quot;:1,&quot;finite&quot;:false}\" data-settings=\"{&quot;id&quot;:&quot;#bdt-1a98e832&quot;,&quot;animation_status&quot;:&quot;no&quot;}\" id=\"bdt-1a98e832\">\n\t\t\t\t\t<ul class=\"bdt-slideshow-items\">\n\t\t\t\t\t\n\t\t\t<li class=\"bdt-slideshow-item bdt-flex bdt-flex-middle bdt-flex-center elementor-repeater-item-423d2e1\">\n\t\t\t\t\t\t\t\t\t<div class=\"bdt-position-cover bdt-animation-kenburns bdt-animation-reverse bdt-transform-origin-center-left\">\n\t\t\t\t\t\n\t\t\t\t\t\t\t\t\t\t\t\n\t\t<div class=\"bdt-ps-slide-img\" style=\"background-image: url('https:\/\/zahrbat.com\/wp-content\/uploads\/2022\/02\/heroheader-img-1-5.jpg')\"><\/div>\n\n\t\t\t\t\t\t\t\n\t\t\t\t\t\t\t\t\t\t<\/div>\n\t\t\t\t\n\t\t\t\t\t\t\t\t\t<div class=\"bdt-overlay-default bdt-position-cover\"><\/div>\n\t\t\t\t\n\t\t\t\t\t\t<div class=\"bdt-position-z-index bdt-position-large\">\n\t\t\t<div class=\"bdt-prime-slider-wrapper\">\n\t\t\t\t<div class=\"bdt-prime-slider-content\">\n\t\t\t\t\t<div class=\"bdt-prime-slider-desc\">\n\n\t\t\t\t\t\t\n\t\t\t\t\t\t\t\t\t\t\t\t\t<div data-reveal=\"reveal-active\" class=\"bdt-main-title\" data-bdt-slideshow-parallax=\"x: 100,0,-20; opacity: 1,1,0\">\n\t\t\t\t\t\t\t\t<h1 class=\"bdt-title-tag\">\n\t\t\t\t\t\t\t\t\t\t\t\t\t\t\t\t\t\t\tEmmy Herault\t\t\t\t\t\t\t\t\t\t\t\t\t\t\t\t\t\t<\/h1>\n\t\t\t\t\t\t\t<\/div>\n\t\t\t\t\t\t\n\t\t\t\t\t\t\n\t\t\t\t\t\t<div data-bdt-slideshow-parallax=\"x: 150,0,-30; opacity: 1,1,0\">\n\t\t\t\t\t\t\t<div class=\"bdt-btn-wrapper\">\n\t\t\t\t\t\t\t\t\n\t\t\t\t\t\t\t\t\t<\/div>\n\t\t\t\t\t\t<\/div>\n\t\t\t\t\t<\/div>\n\n\t\t\t\t\t\n\t\t\t\t<\/div>\n\t\t\t<\/div>\n\t\t<\/div>\n\t\t\t\t\t<\/li>\n\n\t\t\t\n\t\t\t\t\t<\/ul>\n\t\t\t\t\t\n\t\t\t\t\t\t\t\t<div class=\"reveal-muted\">\n\t\t\t\t<a class=\"bdt-position-bottom-right bdt-prime-slider-previous\" href=\"#\" bdt-slidenav-previous bdt-slideshow-item=\"previous\"><\/a>\n\t\t\t\t<a class=\"bdt-position-bottom-right bdt-prime-slider-next\" href=\"#\" bdt-slidenav-next bdt-slideshow-item=\"next\"><\/a>\n\t\t\t<\/div>\n\n\t\t\n\t\t\t\t\t\t\t\n\t\t\n\t\t\t\t\t\t<\/div>\n\t\t\t\t\n\t\t<div class=\"bdt-prime-slider-social-icon reveal-muted\">\n\n\t\t\t\n\t\t\t\n\t\t\t\t<a class=\"bdt-social-animate\" href=\"https:\/\/www.facebook.com\/zahrbat59\/\" target=\"_blank\"  title=\"Facebook\" bdt-tooltip=\"pos: right\">\n\t\t\t\t\t<i aria-hidden=\"true\" class=\"fa-fw fab fa-facebook-f\"><\/i>\t\t\t\t<\/a>\n\t\t\t\n\t\t\t\t<a class=\"bdt-social-animate\" href=\"https:\/\/www.instagram.com\/zahrbat\/\" target=\"_blank\"  title=\"Instagram\" bdt-tooltip=\"pos: right\">\n\t\t\t\t\t<i aria-hidden=\"true\" class=\"fa-fw fab fa-instagram\"><\/i>\t\t\t\t<\/a>\n\t\t\t\n\t\t\t\t<a class=\"bdt-social-animate\" href=\"https:\/\/www.youtube.com\/channel\/UCQuu4ERG1Bq0TJlHMUBLvrQ\" target=\"_blank\"  title=\"Youtube\" bdt-tooltip=\"pos: right\">\n\t\t\t\t\t<i aria-hidden=\"true\" class=\"fa-fw fab fa-youtube\"><\/i>\t\t\t\t<\/a>\n\t\t\t\t\t<\/div>\n\n\t\t\t\t\t\t\t\t\t<\/div>\n\t\t<\/div>\n\t\t\t\t<\/div>\n\t\t\t\t<\/div>\n\t\t\t\t\t<\/div>\n\t\t<\/div>\n\t\t\t\t\t\t\t<\/div>\n\t\t<\/section>\n\t\t\t\t<section class=\"elementor-section elementor-top-section elementor-element elementor-element-a7571d2 elementor-reverse-tablet elementor-reverse-mobile elementor-section-boxed elementor-section-height-default elementor-section-height-default\" data-id=\"a7571d2\" data-element_type=\"section\" data-settings=\"{&quot;background_background&quot;:&quot;classic&quot;}\">\n\t\t\t\t\t\t<div class=\"elementor-container elementor-column-gap-no\">\n\t\t\t\t\t<div class=\"elementor-column elementor-col-33 elementor-top-column elementor-element elementor-element-de48719\" data-id=\"de48719\" data-element_type=\"column\">\n\t\t\t<div class=\"elementor-widget-wrap elementor-element-populated\">\n\t\t\t\t\t\t\t\t<div class=\"elementor-element elementor-element-d165f35 elementor-invisible elementor-widget elementor-widget-image\" data-id=\"d165f35\" data-element_type=\"widget\" data-settings=\"{&quot;_animation&quot;:&quot;fadeInUp&quot;}\" data-widget_type=\"image.default\">\n\t\t\t\t<div class=\"elementor-widget-container\">\n\t\t\t<style>\/*! elementor - v3.18.0 - 08-12-2023 *\/\n.elementor-widget-image{text-align:center}.elementor-widget-image a{display:inline-block}.elementor-widget-image a img[src$=\".svg\"]{width:48px}.elementor-widget-image img{vertical-align:middle;display:inline-block}<\/style>\t\t\t\t\t\t\t\t\t\t\t\t<img fetchpriority=\"high\" decoding=\"async\" width=\"460\" height=\"270\" src=\"https:\/\/zahrbat.com\/wp-content\/uploads\/2022\/06\/emmy-herault.jpeg\" class=\"attachment-large size-large wp-image-3006\" alt=\"\" srcset=\"https:\/\/zahrbat.com\/wp-content\/uploads\/2022\/06\/emmy-herault.jpeg 460w, https:\/\/zahrbat.com\/wp-content\/uploads\/2022\/06\/emmy-herault-300x176.jpeg 300w\" sizes=\"(max-width: 460px) 100vw, 460px\" \/>\t\t\t\t\t\t\t\t\t\t\t\t\t\t\t<\/div>\n\t\t\t\t<\/div>\n\t\t\t\t\t<\/div>\n\t\t<\/div>\n\t\t\t\t<div class=\"elementor-column elementor-col-33 elementor-top-column elementor-element elementor-element-3c26686\" data-id=\"3c26686\" data-element_type=\"column\">\n\t\t\t<div class=\"elementor-widget-wrap\">\n\t\t\t\t\t\t\t\t\t<\/div>\n\t\t<\/div>\n\t\t\t\t<div class=\"elementor-column elementor-col-33 elementor-top-column elementor-element elementor-element-8fda48c\" data-id=\"8fda48c\" data-element_type=\"column\">\n\t\t\t<div class=\"elementor-widget-wrap elementor-element-populated\">\n\t\t\t\t\t\t\t\t<div class=\"elementor-element elementor-element-7130678 elementor-invisible elementor-widget elementor-widget-heading\" data-id=\"7130678\" data-element_type=\"widget\" data-settings=\"{&quot;_animation_delay&quot;:150,&quot;_animation&quot;:&quot;fadeIn&quot;}\" data-widget_type=\"heading.default\">\n\t\t\t\t<div class=\"elementor-widget-container\">\n\t\t\t<style>\/*! elementor - v3.18.0 - 08-12-2023 *\/\n.elementor-heading-title{padding:0;margin:0;line-height:1}.elementor-widget-heading .elementor-heading-title[class*=elementor-size-]>a{color:inherit;font-size:inherit;line-height:inherit}.elementor-widget-heading .elementor-heading-title.elementor-size-small{font-size:15px}.elementor-widget-heading .elementor-heading-title.elementor-size-medium{font-size:19px}.elementor-widget-heading .elementor-heading-title.elementor-size-large{font-size:29px}.elementor-widget-heading .elementor-heading-title.elementor-size-xl{font-size:39px}.elementor-widget-heading .elementor-heading-title.elementor-size-xxl{font-size:59px}<\/style><h6 class=\"elementor-heading-title elementor-size-default\">Bgirl - 2010<\/h6>\t\t<\/div>\n\t\t\t\t<\/div>\n\t\t\t\t<div class=\"elementor-element elementor-element-78972d0 elementor-widget elementor-widget-heading\" data-id=\"78972d0\" data-element_type=\"widget\" data-widget_type=\"heading.default\">\n\t\t\t\t<div class=\"elementor-widget-container\">\n\t\t\t<h2 class=\"elementor-heading-title elementor-size-default\"><span style=\"font-family: Poppins, sans-serif; font-weight: 600;\">Emmy Herault<\/span><\/h2>\t\t<\/div>\n\t\t\t\t<\/div>\n\t\t\t\t<div class=\"elementor-element elementor-element-883c990 elementor-widget elementor-widget-text-editor\" data-id=\"883c990\" data-element_type=\"widget\" data-widget_type=\"text-editor.default\">\n\t\t\t\t<div class=\"elementor-widget-container\">\n\t\t\t<style>\/*! elementor - v3.18.0 - 08-12-2023 *\/\n.elementor-widget-text-editor.elementor-drop-cap-view-stacked .elementor-drop-cap{background-color:#69727d;color:#fff}.elementor-widget-text-editor.elementor-drop-cap-view-framed .elementor-drop-cap{color:#69727d;border:3px solid;background-color:transparent}.elementor-widget-text-editor:not(.elementor-drop-cap-view-default) .elementor-drop-cap{margin-top:8px}.elementor-widget-text-editor:not(.elementor-drop-cap-view-default) .elementor-drop-cap-letter{width:1em;height:1em}.elementor-widget-text-editor .elementor-drop-cap{float:left;text-align:center;line-height:1;font-size:50px}.elementor-widget-text-editor .elementor-drop-cap-letter{display:inline-block}<\/style>\t\t\t\t<p>For Emmy, dance has always been a passion. Having started with modern jazz at the age of 6, she discovered hip hop in 2010 and especially breakdance with KLA District. She is gradually competing in national and international battles in crew and solo. In 2016 she won the title of French champion. She also practices contemporary dance and joined a circus school in 2018. Her dance is distinguished by the energy and the mixture of her danced and acrobatic movements.<\/p><p>Retrouvez Emmy dans <a href=\"https:\/\/zahrbat.com\/en\/motion-passage\/\">Motion (Passage)<\/a><\/p>\t\t\t\t\t\t<\/div>\n\t\t\t\t<\/div>\n\t\t\t\t\t<\/div>\n\t\t<\/div>\n\t\t\t\t\t\t\t<\/div>\n\t\t<\/section>\n\t\t\t\t\t\t\t<\/div>","protected":false},"excerpt":{"rendered":"<p>Emmy Herault Bgirl &#8211; 2010 Emmy Herault Pour Emmy la danse a toujours \u00e9t\u00e9 une passion. Ayant commenc\u00e9 par le modern jazz vers l\u2019\u00e2ge de 6 ans, elle d\u00e9couvre le [&hellip;]<\/p>","protected":false},"author":6,"featured_media":0,"parent":0,"menu_order":0,"comment_status":"closed","ping_status":"closed","template":"","meta":[],"_links":{"self":[{"href":"https:\/\/zahrbat.com\/en\/wp-json\/wp\/v2\/pages\/1451"}],"collection":[{"href":"https:\/\/zahrbat.com\/en\/wp-json\/wp\/v2\/pages"}],"about":[{"href":"https:\/\/zahrbat.com\/en\/wp-json\/wp\/v2\/types\/page"}],"author":[{"embeddable":true,"href":"https:\/\/zahrbat.com\/en\/wp-json\/wp\/v2\/users\/6"}],"replies":[{"embeddable":true,"href":"https:\/\/zahrbat.com\/en\/wp-json\/wp\/v2\/comments?post=1451"}],"version-history":[{"count":19,"href":"https:\/\/zahrbat.com\/en\/wp-json\/wp\/v2\/pages\/1451\/revisions"}],"predecessor-version":[{"id":4738,"href":"https:\/\/zahrbat.com\/en\/wp-json\/wp\/v2\/pages\/1451\/revisions\/4738"}],"wp:attachment":[{"href":"https:\/\/zahrbat.com\/en\/wp-json\/wp\/v2\/media?parent=1451"}],"curies":[{"name":"wp","href":"https:\/\/api.w.org\/{rel}","templated":true}]}}