{"id":1403,"date":"2022-05-12T11:58:17","date_gmt":"2022-05-12T09:58:17","guid":{"rendered":"https:\/\/zahrbat.com\/\/?page_id=1403"},"modified":"2023-10-03T14:22:20","modified_gmt":"2023-10-03T12:22:20","slug":"alhouseyni-ndiaye","status":"publish","type":"page","link":"https:\/\/zahrbat.com\/en\/alhouseyni-ndiaye\/","title":{"rendered":"Alhouseyni N\u2019Diaye"},"content":{"rendered":"<div data-elementor-type=\"wp-page\" data-elementor-id=\"1403\" class=\"elementor elementor-1403\">\n\t\t\t\t\t\t\t\t\t<section class=\"elementor-section elementor-top-section elementor-element elementor-element-600cccf6 elementor-section-full_width elementor-section-height-default elementor-section-height-default\" data-id=\"600cccf6\" data-element_type=\"section\" data-settings=\"{&quot;background_background&quot;:&quot;classic&quot;}\">\n\t\t\t\t\t\t<div class=\"elementor-container elementor-column-gap-no\">\n\t\t\t\t\t<div class=\"elementor-column elementor-col-100 elementor-top-column elementor-element elementor-element-54299f14\" data-id=\"54299f14\" data-element_type=\"column\">\n\t\t\t<div class=\"elementor-widget-wrap elementor-element-populated\">\n\t\t\t\t\t\t\t\t<div class=\"elementor-element elementor-element-1e1c2ab2 elementor-widget elementor-widget-prime-slider-general\" data-id=\"1e1c2ab2\" data-element_type=\"widget\" data-widget_type=\"prime-slider-general.default\">\n\t\t\t\t<div class=\"elementor-widget-container\">\n\t\t\t\t\t<div class=\"bdt-prime-slider\">\n\t\t\t<div class=\"bdt-prime-slider-skin-general\">\n\t\t\t\t<div class=\"bdt-position-relative bdt-visible-toggle\" bdt-slideshow=\"{&quot;animation&quot;:&quot;scale&quot;,&quot;ratio&quot;:&quot;12:5&quot;,&quot;min-height&quot;:518,&quot;autoplay&quot;:true,&quot;autoplay-interval&quot;:7000,&quot;pause-on-hover&quot;:false,&quot;draggable&quot;:true,&quot;velocity&quot;:1,&quot;finite&quot;:false}\" data-settings=\"{&quot;id&quot;:&quot;#bdt-1e1c2ab2&quot;,&quot;animation_status&quot;:&quot;no&quot;}\" id=\"bdt-1e1c2ab2\">\n\t\t\t\t\t<ul class=\"bdt-slideshow-items\">\n\t\t\t\t\t\n\t\t\t<li class=\"bdt-slideshow-item bdt-flex bdt-flex-middle bdt-flex-center elementor-repeater-item-423d2e1\">\n\t\t\t\t\t\t\t\t\t<div class=\"bdt-position-cover bdt-animation-kenburns bdt-animation-reverse bdt-transform-origin-center-left\">\n\t\t\t\t\t\n\t\t\t\t\t\t\t\t\t\t\t\n\t\t<div class=\"bdt-ps-slide-img\" style=\"background-image: url('https:\/\/zahrbat.com\/wp-content\/uploads\/2022\/02\/heroheader-img-1-5.jpg')\"><\/div>\n\n\t\t\t\t\t\t\t\n\t\t\t\t\t\t\t\t\t\t<\/div>\n\t\t\t\t\n\t\t\t\t\t\t\t\t\t<div class=\"bdt-overlay-default bdt-position-cover\"><\/div>\n\t\t\t\t\n\t\t\t\t\t\t<div class=\"bdt-position-z-index bdt-position-large\">\n\t\t\t<div class=\"bdt-prime-slider-wrapper\">\n\t\t\t\t<div class=\"bdt-prime-slider-content\">\n\t\t\t\t\t<div class=\"bdt-prime-slider-desc\">\n\n\t\t\t\t\t\t\n\t\t\t\t\t\t\t\t\t\t\t\t\t<div data-reveal=\"reveal-active\" class=\"bdt-main-title\" data-bdt-slideshow-parallax=\"x: 100,0,-20; opacity: 1,1,0\">\n\t\t\t\t\t\t\t\t<h1 class=\"bdt-title-tag\">\n\t\t\t\t\t\t\t\t\t\t\t\t\t\t\t\t\t\t\tAlhouseyni N\u2019Diaye\t\t\t\t\t\t\t\t\t\t\t\t\t\t\t\t\t\t<\/h1>\n\t\t\t\t\t\t\t<\/div>\n\t\t\t\t\t\t\n\t\t\t\t\t\t\n\t\t\t\t\t\t<div data-bdt-slideshow-parallax=\"x: 150,0,-30; opacity: 1,1,0\">\n\t\t\t\t\t\t\t<div class=\"bdt-btn-wrapper\">\n\t\t\t\t\t\t\t\t\n\t\t\t\t\t\t\t\t\t<\/div>\n\t\t\t\t\t\t<\/div>\n\t\t\t\t\t<\/div>\n\n\t\t\t\t\t\n\t\t\t\t<\/div>\n\t\t\t<\/div>\n\t\t<\/div>\n\t\t\t\t\t<\/li>\n\n\t\t\t\n\t\t\t\t\t<\/ul>\n\t\t\t\t\t\n\t\t\t\t\t\t\t\t<div class=\"reveal-muted\">\n\t\t\t\t<a class=\"bdt-position-bottom-right bdt-prime-slider-previous\" href=\"#\" bdt-slidenav-previous bdt-slideshow-item=\"previous\"><\/a>\n\t\t\t\t<a class=\"bdt-position-bottom-right bdt-prime-slider-next\" href=\"#\" bdt-slidenav-next bdt-slideshow-item=\"next\"><\/a>\n\t\t\t<\/div>\n\n\t\t\n\t\t\t\t\t\t\t\n\t\t\n\t\t\t\t\t\t<\/div>\n\t\t\t\t\n\t\t<div class=\"bdt-prime-slider-social-icon reveal-muted\">\n\n\t\t\t\n\t\t\t\n\t\t\t\t<a class=\"bdt-social-animate\" href=\"https:\/\/www.facebook.com\/zahrbat59\/\" target=\"_blank\"  title=\"Facebook\" bdt-tooltip=\"pos: right\">\n\t\t\t\t\t<i aria-hidden=\"true\" class=\"fa-fw fab fa-facebook-f\"><\/i>\t\t\t\t<\/a>\n\t\t\t\n\t\t\t\t<a class=\"bdt-social-animate\" href=\"https:\/\/www.instagram.com\/zahrbat\/\" target=\"_blank\"  title=\"Instagram\" bdt-tooltip=\"pos: right\">\n\t\t\t\t\t<i aria-hidden=\"true\" class=\"fa-fw fab fa-instagram\"><\/i>\t\t\t\t<\/a>\n\t\t\t\n\t\t\t\t<a class=\"bdt-social-animate\" href=\"https:\/\/www.youtube.com\/channel\/UCQuu4ERG1Bq0TJlHMUBLvrQ\" target=\"_blank\"  title=\"Youtube\" bdt-tooltip=\"pos: right\">\n\t\t\t\t\t<i aria-hidden=\"true\" class=\"fa-fw fab fa-youtube\"><\/i>\t\t\t\t<\/a>\n\t\t\t\t\t<\/div>\n\n\t\t\t\t\t\t\t\t\t<\/div>\n\t\t<\/div>\n\t\t\t\t<\/div>\n\t\t\t\t<\/div>\n\t\t\t\t\t<\/div>\n\t\t<\/div>\n\t\t\t\t\t\t\t<\/div>\n\t\t<\/section>\n\t\t\t\t<section class=\"elementor-section elementor-top-section elementor-element elementor-element-ae3f30d elementor-reverse-tablet elementor-reverse-mobile elementor-section-boxed elementor-section-height-default elementor-section-height-default\" data-id=\"ae3f30d\" data-element_type=\"section\" data-settings=\"{&quot;background_background&quot;:&quot;classic&quot;}\">\n\t\t\t\t\t\t<div class=\"elementor-container elementor-column-gap-no\">\n\t\t\t\t\t<div class=\"elementor-column elementor-col-33 elementor-top-column elementor-element elementor-element-52351fe\" data-id=\"52351fe\" data-element_type=\"column\">\n\t\t\t<div class=\"elementor-widget-wrap elementor-element-populated\">\n\t\t\t\t\t\t\t\t<div class=\"elementor-element elementor-element-b519709 elementor-invisible elementor-widget elementor-widget-image\" data-id=\"b519709\" data-element_type=\"widget\" data-settings=\"{&quot;_animation&quot;:&quot;fadeInUp&quot;}\" data-widget_type=\"image.default\">\n\t\t\t\t<div class=\"elementor-widget-container\">\n\t\t\t<style>\/*! elementor - v3.18.0 - 08-12-2023 *\/\n.elementor-widget-image{text-align:center}.elementor-widget-image a{display:inline-block}.elementor-widget-image a img[src$=\".svg\"]{width:48px}.elementor-widget-image img{vertical-align:middle;display:inline-block}<\/style>\t\t\t\t\t\t\t\t\t\t\t\t<img fetchpriority=\"high\" decoding=\"async\" width=\"800\" height=\"1200\" src=\"https:\/\/zahrbat.com\/wp-content\/uploads\/2022\/05\/Alhouseyni-N_Diaye-@Fre\u0301de\u0301ric-Iovino-1333x2000.jpg\" class=\"attachment-large size-large wp-image-2326\" alt=\"\" srcset=\"https:\/\/zahrbat.com\/wp-content\/uploads\/2022\/05\/Alhouseyni-N_Diaye-@Fre\u0301de\u0301ric-Iovino-1333x2000.jpg 1333w, https:\/\/zahrbat.com\/wp-content\/uploads\/2022\/05\/Alhouseyni-N_Diaye-@Fre\u0301de\u0301ric-Iovino-200x300.jpg 200w, https:\/\/zahrbat.com\/wp-content\/uploads\/2022\/05\/Alhouseyni-N_Diaye-@Fre\u0301de\u0301ric-Iovino-768x1152.jpg 768w, https:\/\/zahrbat.com\/wp-content\/uploads\/2022\/05\/Alhouseyni-N_Diaye-@Fre\u0301de\u0301ric-Iovino-1024x1536.jpg 1024w, https:\/\/zahrbat.com\/wp-content\/uploads\/2022\/05\/Alhouseyni-N_Diaye-@Fre\u0301de\u0301ric-Iovino-1365x2048.jpg 1365w, https:\/\/zahrbat.com\/wp-content\/uploads\/2022\/05\/Alhouseyni-N_Diaye-@Fre\u0301de\u0301ric-Iovino-scaled.jpg 1706w\" sizes=\"(max-width: 800px) 100vw, 800px\" \/>\t\t\t\t\t\t\t\t\t\t\t\t\t\t\t<\/div>\n\t\t\t\t<\/div>\n\t\t\t\t\t<\/div>\n\t\t<\/div>\n\t\t\t\t<div class=\"elementor-column elementor-col-33 elementor-top-column elementor-element elementor-element-de7a8e7\" data-id=\"de7a8e7\" data-element_type=\"column\">\n\t\t\t<div class=\"elementor-widget-wrap\">\n\t\t\t\t\t\t\t\t\t<\/div>\n\t\t<\/div>\n\t\t\t\t<div class=\"elementor-column elementor-col-33 elementor-top-column elementor-element elementor-element-6602301\" data-id=\"6602301\" data-element_type=\"column\">\n\t\t\t<div class=\"elementor-widget-wrap elementor-element-populated\">\n\t\t\t\t\t\t\t\t<div class=\"elementor-element elementor-element-cb079ee elementor-invisible elementor-widget elementor-widget-heading\" data-id=\"cb079ee\" data-element_type=\"widget\" data-settings=\"{&quot;_animation_delay&quot;:150,&quot;_animation&quot;:&quot;fadeIn&quot;}\" data-widget_type=\"heading.default\">\n\t\t\t\t<div class=\"elementor-widget-container\">\n\t\t\t<style>\/*! elementor - v3.18.0 - 08-12-2023 *\/\n.elementor-heading-title{padding:0;margin:0;line-height:1}.elementor-widget-heading .elementor-heading-title[class*=elementor-size-]>a{color:inherit;font-size:inherit;line-height:inherit}.elementor-widget-heading .elementor-heading-title.elementor-size-small{font-size:15px}.elementor-widget-heading .elementor-heading-title.elementor-size-medium{font-size:19px}.elementor-widget-heading .elementor-heading-title.elementor-size-large{font-size:29px}.elementor-widget-heading .elementor-heading-title.elementor-size-xl{font-size:39px}.elementor-widget-heading .elementor-heading-title.elementor-size-xxl{font-size:59px}<\/style><h6 class=\"elementor-heading-title elementor-size-default\">Dancer - 2003<\/h6>\t\t<\/div>\n\t\t\t\t<\/div>\n\t\t\t\t<div class=\"elementor-element elementor-element-0eda9f4 elementor-widget elementor-widget-heading\" data-id=\"0eda9f4\" data-element_type=\"widget\" data-widget_type=\"heading.default\">\n\t\t\t\t<div class=\"elementor-widget-container\">\n\t\t\t<h2 class=\"elementor-heading-title elementor-size-default\"><span style=\"font-family: Poppins, sans-serif; font-weight: 600;\">Alhouseyni N\u2019Diaye<\/span><\/h2>\t\t<\/div>\n\t\t\t\t<\/div>\n\t\t\t\t<div class=\"elementor-element elementor-element-cf0c381 elementor-widget elementor-widget-text-editor\" data-id=\"cf0c381\" data-element_type=\"widget\" data-widget_type=\"text-editor.default\">\n\t\t\t\t<div class=\"elementor-widget-container\">\n\t\t\t<style>\/*! elementor - v3.18.0 - 08-12-2023 *\/\n.elementor-widget-text-editor.elementor-drop-cap-view-stacked .elementor-drop-cap{background-color:#69727d;color:#fff}.elementor-widget-text-editor.elementor-drop-cap-view-framed .elementor-drop-cap{color:#69727d;border:3px solid;background-color:transparent}.elementor-widget-text-editor:not(.elementor-drop-cap-view-default) .elementor-drop-cap{margin-top:8px}.elementor-widget-text-editor:not(.elementor-drop-cap-view-default) .elementor-drop-cap-letter{width:1em;height:1em}.elementor-widget-text-editor .elementor-drop-cap{float:left;text-align:center;line-height:1;font-size:50px}.elementor-widget-text-editor .elementor-drop-cap-letter{display:inline-block}<\/style>\t\t\t\t<div>Choreographic artist in several creations of the company, he is one of the most active and faithful dancers of the company. He regularly intervenes in workshops and courses, both on tour and in the Hauts de France region.<\/div>\n<p>Adolescent, il d\u00e9couvre la danse avant de tr\u00e8s vite rentrer&nbsp; dans la cr\u00e9ation professionnelle en 2006 en participant au projet de Jos\u00e9 Montalvo dans le cadre de Lille 3000, <i>Bombayser<\/i>. It is through encounters with various companies that he refines his choreographic language and evolves as a dancer-performer. From 2007 to 2010, he was a performer in the creations of the companies D. Street, M\u00e9tropole Hiphop (Nabil Ouelhadj) or Roots &amp; Routes International (Walid Bouhmani, Nabil Ouelhadj).<\/p>\n<p>En 2009, il est rep\u00e9r\u00e9 par Brahim Bouchelaghem qui l\u2019invitera \u00e0 poursuivre son travail d\u2019interpr\u00e8te dans plusieurs de ses cr\u00e9ations&nbsp;:&nbsp;<a href=\"https:\/\/zahrbat.com\/en\/petites-histoires-du-hip-hop-en-mouvement\/\"><i>Small stories of hiphop in movement<\/i><\/a>,&nbsp;<a href=\"https:\/\/zahrbat.com\/en\/tracks\/\"><i>Tracks<\/i><\/a>, <i><a href=\"https:\/\/zahrbat.com\/en\/sillons\/\">Sillons<\/a>&nbsp;<\/i>then&nbsp;<a href=\"https:\/\/zahrbat.com\/en\/criiiic\/\"><i>CRIIIIC!<\/i><\/a>.<\/p>\n<p>In 2020, he starts working with Brahim Bouchelaghem in the creation for young audiences,&nbsp;<a href=\"https:\/\/zahrbat.com\/en\/almataha\/\"><i>Almataha<\/i><\/a>&nbsp; which will premiere in January 2021.<\/p>\n<p>In parallel, Alhouseyni N'Diaye continues to dance for choreographers such as Christian Lucas, Chinatsu Kosakatani, the Ben A\u00efm brothers or Robyn Orlin.<\/p>\n<p>Chor\u00e9graphe dans la compagnie DStreet, Alhouseyni N\u2019Diaye a \u00e9t\u00e9 &nbsp;assistant chor\u00e9graphique aupr\u00e8s de Brahim Bouchelaghem pour le projet de cr\u00e9ation \u00e0 Noum\u00e9a, Nouvelle Cal\u00e9donie.<\/p>\n<p>Retrouvez Alhouseyni dans <a href=\"https:\/\/zahrbat.com\/en\/run\/\">Run<\/a>, <a href=\"https:\/\/zahrbat.com\/en\/almataha\/\">Almataha<\/a>, <a href=\"https:\/\/zahrbat.com\/en\/sillons\/\">Sillons<\/a>, <a href=\"https:\/\/zahrbat.com\/en\/tracks\/\">Tracks<\/a> and <a href=\"https:\/\/zahrbat.com\/en\/what-did-you-say\/\">petites histoires du hip hop en mouvements<\/a>&nbsp;<\/p>\t\t\t\t\t\t<\/div>\n\t\t\t\t<\/div>\n\t\t\t\t\t<\/div>\n\t\t<\/div>\n\t\t\t\t\t\t\t<\/div>\n\t\t<\/section>\n\t\t\t\t\t\t\t<\/div>","protected":false},"excerpt":{"rendered":"<p>Alhouseyni N\u2019Diaye Danseur &#8211; 2003 Alhouseyni N\u2019Diaye Artiste chor\u00e9graphique dans plusieurs cr\u00e9ations de la compagnie, il est un des danseurs les plus actifs et fid\u00e8les de la compagnie. Il intervient [&hellip;]<\/p>","protected":false},"author":6,"featured_media":0,"parent":0,"menu_order":0,"comment_status":"closed","ping_status":"closed","template":"","meta":[],"_links":{"self":[{"href":"https:\/\/zahrbat.com\/en\/wp-json\/wp\/v2\/pages\/1403"}],"collection":[{"href":"https:\/\/zahrbat.com\/en\/wp-json\/wp\/v2\/pages"}],"about":[{"href":"https:\/\/zahrbat.com\/en\/wp-json\/wp\/v2\/types\/page"}],"author":[{"embeddable":true,"href":"https:\/\/zahrbat.com\/en\/wp-json\/wp\/v2\/users\/6"}],"replies":[{"embeddable":true,"href":"https:\/\/zahrbat.com\/en\/wp-json\/wp\/v2\/comments?post=1403"}],"version-history":[{"count":31,"href":"https:\/\/zahrbat.com\/en\/wp-json\/wp\/v2\/pages\/1403\/revisions"}],"predecessor-version":[{"id":4692,"href":"https:\/\/zahrbat.com\/en\/wp-json\/wp\/v2\/pages\/1403\/revisions\/4692"}],"wp:attachment":[{"href":"https:\/\/zahrbat.com\/en\/wp-json\/wp\/v2\/media?parent=1403"}],"curies":[{"name":"wp","href":"https:\/\/api.w.org\/{rel}","templated":true}]}}